
{"id":1020,"date":"2016-06-22T12:04:30","date_gmt":"2016-06-22T10:04:30","guid":{"rendered":"https:\/\/www.herbertnathan.com\/?page_id=1020"},"modified":"2025-03-26T10:13:25","modified_gmt":"2025-03-26T09:13:25","slug":"vara-tjanster","status":"publish","type":"page","link":"https:\/\/www.herbertnathan.com\/sv\/vara-tjanster\/","title":{"rendered":"V\u00e5ra tj\u00e4nster"},"content":{"rendered":"<p>V\u00e5r verksamhet pr\u00e4glas av 100% oberoende r\u00e5dgivning. Vi har inga relationer med leverant\u00f6rerna eller deras partners utan agerar alltid ifr\u00e5n en neutral bas d\u00e4r vi utifr\u00e5n v\u00e5r omfattande erfarenhet leder och guidar kunden genom de aktiviteter som ska genomf\u00f6ras under upphandlingen och implementeringen.<\/p>\n","protected":false},"excerpt":{"rendered":"<p>HerbertNathan &#038; Co ger r\u00e5d, mentorst\u00f6d och projektst\u00f6d till f\u00f6retag och organisationer genom hela investeringsprocessen &#8211; fr\u00e5n investering och upphandling till implementering och, drifts\u00e4ttning och nyttorealisering.<\/p>\n","protected":false},"author":247,"featured_media":0,"parent":0,"menu_order":0,"comment_status":"closed","ping_status":"closed","template":"","meta":{"_acf_changed":false,"slim_seo":{"title":"V\u00e5ra tj\u00e4nster - HerbertNathan &amp; Co","description":"HerbertNathan & Co ger r\u00e5d, mentorst\u00f6d och projektst\u00f6d till f\u00f6retag och organisationer genom hela investeringsprocessen - fr\u00e5n investering och upphandling till"},"footnotes":""},"class_list":["post-1020","page","type-page","status-publish","hentry"],"acf":[],"_links":{"self":[{"href":"https:\/\/www.herbertnathan.com\/sv\/wp-json\/wp\/v2\/pages\/1020","targetHints":{"allow":["GET"]}}],"collection":[{"href":"https:\/\/www.herbertnathan.com\/sv\/wp-json\/wp\/v2\/pages"}],"about":[{"href":"https:\/\/www.herbertnathan.com\/sv\/wp-json\/wp\/v2\/types\/page"}],"author":[{"embeddable":true,"href":"https:\/\/www.herbertnathan.com\/sv\/wp-json\/wp\/v2\/users\/247"}],"replies":[{"embeddable":true,"href":"https:\/\/www.herbertnathan.com\/sv\/wp-json\/wp\/v2\/comments?post=1020"}],"version-history":[{"count":14,"href":"https:\/\/www.herbertnathan.com\/sv\/wp-json\/wp\/v2\/pages\/1020\/revisions"}],"predecessor-version":[{"id":45234,"href":"https:\/\/www.herbertnathan.com\/sv\/wp-json\/wp\/v2\/pages\/1020\/revisions\/45234"}],"wp:attachment":[{"href":"https:\/\/www.herbertnathan.com\/sv\/wp-json\/wp\/v2\/media?parent=1020"}],"curies":[{"name":"wp","href":"https:\/\/api.w.org\/{rel}","templated":true}]}}