
{"id":1023,"date":"2016-06-22T12:07:22","date_gmt":"2016-06-22T10:07:22","guid":{"rendered":"https:\/\/www.herbertnathan.com\/?page_id=1023"},"modified":"2022-01-11T17:31:05","modified_gmt":"2022-01-11T16:31:05","slug":"optimering","status":"publish","type":"page","link":"https:\/\/www.herbertnathan.com\/sv\/vara-tjanster\/optimering\/","title":{"rendered":"Optimering"},"content":{"rendered":"<h1>Optimering av ert aff\u00e4rssystem eller HR-system<\/h1>\n<p>N\u00e4r v\u00e4l driften av ert nya aff\u00e4rssystem eller HR-system \u00e4r ig\u00e5ng s\u00e5 b\u00f6rjar investeringen \u00e5terbetalas. D\u00e4rf\u00f6r \u00e4r det viktigt att s\u00e4kerst\u00e4lla att de nyttoeffekter som fastst\u00e4lldes i investeringsanalysen och nyttov\u00e4rderingen blir realiserade. Det \u00e4r \u00e4ven viktigt att l\u00f6pande vidareutveckla, uppgradera och optimera aff\u00e4rssystemet. Detta f\u00f6r att f\u00e5 full effekt av investeringen.<\/p>\n<p>Vi hj\u00e4lper er med optimering av ert befintliga aff\u00e4rssystem eller HR-system.<\/p>\n<p>&nbsp;<\/p>\n<h2>System\u00f6versyn och vidareutveckling<\/h2>\n<p>Att s\u00e4kerst\u00e4lla att aff\u00e4rssystemet och HR-systemet kontinuerligt f\u00f6r\u00e4ndras och tillfredsst\u00e4ller verksamhetens behov \u00e4r en stor del i optimeringen. Det beh\u00f6ver \u00e4ven s\u00e4kerst\u00e4llas att man som kund f\u00e5r tillg\u00e5ng till, och drar f\u00f6rdel av, den nyutveckling som l\u00f6pande sker i aff\u00e4rssystemet och som ing\u00e5r som en del i det underh\u00e5llsavtal man har tecknat med leverant\u00f6ren.<\/p>\n<p>&nbsp;<\/p>\n<p>Under driftsfasen\u00a0st\u00f6djer vi v\u00e5ra kunder med:<\/p>\n<ul>\n<li>Optimering och nyttorealisering<\/li>\n<li>System\u00f6versyn och h\u00e4lsokontroll<\/li>\n<li>Uppgradering<\/li>\n<li>Vidareutveckling<\/li>\n<li>Outsourcing (av exempelvis HR och l\u00f6n)<\/li>\n<\/ul>\n<p>&nbsp;<\/p>\n<p>Vill ni veta mer om hur vi kan hj\u00e4lpa er vid inf\u00f6rande och ig\u00e5ngs\u00e4ttande av ett nytt aff\u00e4rssystem? D\u00e5 \u00e4r ni varmt v\u00e4lkomna\u00a0att kontakta\u00a0<a href=\"https:\/\/www.herbertnathan.com\/sv\/author\/jonas-andersson\/\">Jonas Andersson<\/a>\u00a0f\u00f6r ett f\u00f6ruts\u00e4ttningsl\u00f6st samtal.<\/p>\n","protected":false},"excerpt":{"rendered":"<p>N\u00e4r v\u00e4l driften av ert nya aff\u00e4rssystem eller HR-system \u00e4r ig\u00e5ng s\u00e5 b\u00f6rjar investeringen \u00e5terbetalas. D\u00e4rf\u00f6r \u00e4r det viktigt att s\u00e4kerst\u00e4lla att de nyttoeffekter som fastst\u00e4lldes i investeringsanalysen och nyttov\u00e4rderingen blir realiserade. Det \u00e4r \u00e4ven viktigt att l\u00f6pande vidareutveckla, uppgradera och optimera aff\u00e4rssystemet. Detta f\u00f6r att f\u00e5 full effekt av investeringen. Vi hj\u00e4lper er med optimering av ert befintliga aff\u00e4rssystem eller HR-system.<\/p>\n","protected":false},"author":247,"featured_media":0,"parent":1020,"menu_order":4,"comment_status":"closed","ping_status":"closed","template":"","meta":{"_acf_changed":false,"slim_seo":{"title":"Optimering - HerbertNathan &amp; Co","description":"N\u00e4r v\u00e4l driften av ert nya aff\u00e4rssystem eller HR-system \u00e4r ig\u00e5ng s\u00e5 b\u00f6rjar investeringen \u00e5terbetalas. D\u00e4rf\u00f6r \u00e4r det viktigt att s\u00e4kerst\u00e4lla att de nyttoeffekter"},"footnotes":""},"class_list":["post-1023","page","type-page","status-publish","hentry"],"acf":[],"_links":{"self":[{"href":"https:\/\/www.herbertnathan.com\/sv\/wp-json\/wp\/v2\/pages\/1023","targetHints":{"allow":["GET"]}}],"collection":[{"href":"https:\/\/www.herbertnathan.com\/sv\/wp-json\/wp\/v2\/pages"}],"about":[{"href":"https:\/\/www.herbertnathan.com\/sv\/wp-json\/wp\/v2\/types\/page"}],"author":[{"embeddable":true,"href":"https:\/\/www.herbertnathan.com\/sv\/wp-json\/wp\/v2\/users\/247"}],"replies":[{"embeddable":true,"href":"https:\/\/www.herbertnathan.com\/sv\/wp-json\/wp\/v2\/comments?post=1023"}],"version-history":[{"count":2,"href":"https:\/\/www.herbertnathan.com\/sv\/wp-json\/wp\/v2\/pages\/1023\/revisions"}],"predecessor-version":[{"id":37758,"href":"https:\/\/www.herbertnathan.com\/sv\/wp-json\/wp\/v2\/pages\/1023\/revisions\/37758"}],"up":[{"embeddable":true,"href":"https:\/\/www.herbertnathan.com\/sv\/wp-json\/wp\/v2\/pages\/1020"}],"wp:attachment":[{"href":"https:\/\/www.herbertnathan.com\/sv\/wp-json\/wp\/v2\/media?parent=1023"}],"curies":[{"name":"wp","href":"https:\/\/api.w.org\/{rel}","templated":true}]}}