
{"id":1025,"date":"2016-06-22T12:34:14","date_gmt":"2016-06-22T10:34:14","guid":{"rendered":"https:\/\/www.herbertnathan.com\/?page_id=1025"},"modified":"2025-03-26T09:51:17","modified_gmt":"2025-03-26T08:51:17","slug":"implementering","status":"publish","type":"page","link":"https:\/\/www.herbertnathan.com\/sv\/vara-tjanster\/implementering\/","title":{"rendered":"Implementering"},"content":{"rendered":"<h1>Implementering<\/h1>\n<p>Implementering av nytt aff\u00e4rssystem eller HR-system kan inneb\u00e4ra m\u00e5nga utmaningar. Detta kan f\u00e5 konsekvenser\u00a0s\u00e5v\u00e4l internt som externt. Med oss vid er sida kan ni f\u00e5 en enklare och mer strukturerad process att luta er mot. L\u00e5t v\u00e5r expertis bli ett st\u00f6d under er implementering.<\/p>\n<p>&nbsp;<\/p>\n<h2>V\u00e5r projektledning hj\u00e4lper dig<\/h2>\n<p>I denna fas finns det flera fallgropar, tv\u00e5 vanligt f\u00f6rekommande \u00e4r:<\/p>\n<ul>\n<li>Bristande styrning av leveranserna i projektet\u00a0\u2013 b\u00e5de avseende leverant\u00f6ren och internt hos kunden<\/li>\n<li>Bristande\u00a0fokus p\u00e5 f\u00f6r\u00e4ndringsprocessen<\/li>\n<\/ul>\n<p>&nbsp;<\/p>\n<p>Vi p\u00e5 HerbertNathan &amp; Co besitter stor skicklighet inom projektledning vid nya aff\u00e4rssystem. H\u00e4r hittar ni samlad erfarenhet fr\u00e5n hundratals projekt, stora som sm\u00e5, och ni f\u00e5r alltid en tydlig kontaktperson som hj\u00e4lper just er. V\u00e5r kunskap inom inf\u00f6rande av IT-system, och framf\u00f6rallt aff\u00e4rssystem och HR-system, g\u00f6r att vi kan erbjuda er opartisk r\u00e5dgivning i form av f\u00f6ljande tj\u00e4nster:<\/p>\n<ul>\n<li>Implementeringsstrategi<\/li>\n<li>Driftsstrategi<\/li>\n<li>Projektledning<\/li>\n<li>Kvalitetss\u00e4kring<\/li>\n<li>Projekt\u00f6versyn<\/li>\n<li>F\u00f6r\u00e4ndringsledning<\/li>\n<\/ul>\n<p>&nbsp;<\/p>\n<p>St\u00e5r er verksamhet inf\u00f6r att fatta beslut om att upphandla ett nytt HR- eller aff\u00e4rssystem? Vill du f\u00e5 en \u00f6kad\u00a0f\u00f6rst\u00e5else f\u00f6r, och insikt i hur,\u00a0du tar dig an uppgiften? D\u00e5 \u00e4r du varmt v\u00e4lkommen att kontakta oss p\u00e5 <a href=\"mailto:info@herbertnathan.se\">info@herbertnathan.se<\/a>\u00a0f\u00f6r ett f\u00f6ruts\u00e4ttningsl\u00f6st samtal.<\/p>\n","protected":false},"excerpt":{"rendered":"<p>Implementering Implementering av nytt aff\u00e4rssystem eller HR-system kan inneb\u00e4ra m\u00e5nga utmaningar. Detta kan f\u00e5 konsekvenser\u00a0s\u00e5v\u00e4l internt som externt. Med oss [&hellip;]<\/p>\n","protected":false},"author":11,"featured_media":0,"parent":1020,"menu_order":3,"comment_status":"closed","ping_status":"closed","template":"","meta":{"_acf_changed":false,"slim_seo":{"title":"Implementering - HerbertNathan &amp; Co","description":"Implementering Implementering av nytt aff\u00e4rssystem eller HR-system kan inneb\u00e4ra m\u00e5nga utmaningar. Detta kan f\u00e5 konsekvenser\u00a0s\u00e5v\u00e4l internt som externt. Med oss v"},"footnotes":""},"class_list":["post-1025","page","type-page","status-publish","hentry"],"acf":[],"_links":{"self":[{"href":"https:\/\/www.herbertnathan.com\/sv\/wp-json\/wp\/v2\/pages\/1025","targetHints":{"allow":["GET"]}}],"collection":[{"href":"https:\/\/www.herbertnathan.com\/sv\/wp-json\/wp\/v2\/pages"}],"about":[{"href":"https:\/\/www.herbertnathan.com\/sv\/wp-json\/wp\/v2\/types\/page"}],"author":[{"embeddable":true,"href":"https:\/\/www.herbertnathan.com\/sv\/wp-json\/wp\/v2\/users\/11"}],"replies":[{"embeddable":true,"href":"https:\/\/www.herbertnathan.com\/sv\/wp-json\/wp\/v2\/comments?post=1025"}],"version-history":[{"count":6,"href":"https:\/\/www.herbertnathan.com\/sv\/wp-json\/wp\/v2\/pages\/1025\/revisions"}],"predecessor-version":[{"id":45225,"href":"https:\/\/www.herbertnathan.com\/sv\/wp-json\/wp\/v2\/pages\/1025\/revisions\/45225"}],"up":[{"embeddable":true,"href":"https:\/\/www.herbertnathan.com\/sv\/wp-json\/wp\/v2\/pages\/1020"}],"wp:attachment":[{"href":"https:\/\/www.herbertnathan.com\/sv\/wp-json\/wp\/v2\/media?parent=1025"}],"curies":[{"name":"wp","href":"https:\/\/api.w.org\/{rel}","templated":true}]}}