
{"id":1026,"date":"2016-06-22T12:33:25","date_gmt":"2016-06-22T10:33:25","guid":{"rendered":"https:\/\/www.herbertnathan.com\/?page_id=1026"},"modified":"2022-01-11T17:24:34","modified_gmt":"2022-01-11T16:24:34","slug":"upphandling","status":"publish","type":"page","link":"https:\/\/www.herbertnathan.com\/sv\/vara-tjanster\/upphandling\/","title":{"rendered":"Upphandling"},"content":{"rendered":"<h1>Upphandling<\/h1>\n<p>En viktig del av arbetet med ett nytt aff\u00e4rssystem \u00e4r sj\u00e4lva upphandlingen. P\u00e5 HerbertNathan &amp; Co besitter vi l\u00e5ng erfarenhet och gedigen kunskap inom upphandling av bland annat aff\u00e4rssystem och HR-system. Med oss vid din sida s\u00e5 f\u00e5r du helt enkelt en smidigare upphandling med era intressen och f\u00f6ruts\u00e4ttningar i fr\u00e4msta fokus.<\/p>\n<p>&nbsp;<\/p>\n<h2>Snabb och effektiv upphandling<\/h2>\n<p>Vi till\u00e4mpar en snabb, effektiv och v\u00e4lbepr\u00f6vad modell inom upphandling. Under korta 1-2 dagar g\u00e5r vi igenom era processer och \u00f6vergripande funktionsbehov, och kan d\u00e4refter ge f\u00f6rslag p\u00e5 3-4 system som b\u00f6r ing\u00e5 i er urvalsprocess. I samband med detta l\u00e4mnar vi mallar och utkast till anbudsf\u00f6rfr\u00e5gan och kravspecifikation. V\u00e5r process inneb\u00e4r att ni snabbt kommer ig\u00e5ng med er upphandling och enbart beh\u00f6ver fokusera p\u00e5 n\u00e5gra f\u00e5 system.<\/p>\n<p>L\u00e5t oss hj\u00e4lpa dig att kickstarta ditt projekt!<\/p>\n<p>&nbsp;<\/p>\n<h2>Fr\u00e5gest\u00e4llningar<\/h2>\n<p>Upphandling av\u00a0aff\u00e4rssystem bygger p\u00e5 svaren till fyra helt \u00f6verordnade strategiska fr\u00e5gest\u00e4llningar:<\/p>\n<ul>\n<li>Varf\u00f6r ska vi investera i ett nytt aff\u00e4rssystem?<\/li>\n<li>Vilka konkreta behov har vi nu och fram\u00f6ver?<\/li>\n<li>Vilket aff\u00e4rssystem kan b\u00e4st uppfylla v\u00e5ra behov?<\/li>\n<li>Vem ska\u00a0implementera aff\u00e4rssystemet?<\/li>\n<\/ul>\n<p>&nbsp;<\/p>\n<p>HerbertNathan &amp; Co besitter den erfarenhet och insikt som \u00e4r n\u00f6dv\u00e4ndig f\u00f6r att kunna besvara dessa fr\u00e5gest\u00e4llningar, och ser till att ni f\u00e5r en smidig process med l\u00e4mpliga alternativ.<\/p>\n<p>&nbsp;<\/p>\n<h2>Det h\u00e4r erbjuder vi<\/h2>\n<p>V\u00e5ra tj\u00e4nster i samband med\u00a0f\u00f6rberedelser inf\u00f6r projektet och upphandlingen omfattar:<\/p>\n<ul>\n<li>Systemstrategi\/v\u00e4gval<\/li>\n<li>F\u00f6rstudie<\/li>\n<li>Framtagning av investeringsanalys<\/li>\n<li>Behovssammanst\u00e4llning och kravspecifikation<\/li>\n<li>Utv\u00e4rdering av system och leverant\u00f6rer<\/li>\n<li>Val av implementeringspartner<\/li>\n<li>F\u00f6rhandlingar och kontraktshandlingar<\/li>\n<\/ul>\n<p>&nbsp;<\/p>\n<p>St\u00e5r er verksamhet inf\u00f6r att fatta beslut om att upphandla ett nytt HR- eller ekonomisystem? Vill du f\u00e5 en \u00f6kad\u00a0f\u00f6rst\u00e5else f\u00f6r, och insikt i hur,\u00a0du tar dig an uppgiften?<\/p>\n<p>&nbsp;<\/p>\n<p>D\u00e5 \u00e4r du varmt v\u00e4lkommen att kontakta <a href=\"https:\/\/www.herbertnathan.com\/sv\/author\/jonas-andersson\/\">Jonas Andersson<\/a>\u00a0f\u00f6r ett f\u00f6ruts\u00e4ttningsl\u00f6st samtal.<\/p>\n","protected":false},"excerpt":{"rendered":"<p>Upphandling En viktig del av arbetet med ett nytt aff\u00e4rssystem \u00e4r sj\u00e4lva upphandlingen. P\u00e5 HerbertNathan &amp; Co besitter vi l\u00e5ng [&hellip;]<\/p>\n","protected":false},"author":247,"featured_media":0,"parent":1020,"menu_order":2,"comment_status":"closed","ping_status":"closed","template":"","meta":{"_acf_changed":false,"slim_seo":{"title":"Upphandling - HerbertNathan &amp; Co","description":"Upphandling En viktig del av arbetet med ett nytt aff\u00e4rssystem \u00e4r sj\u00e4lva upphandlingen. P\u00e5 HerbertNathan &amp; Co besitter vi l\u00e5ng erfarenhet och gedigen kunska"},"footnotes":""},"class_list":["post-1026","page","type-page","status-publish","hentry"],"acf":[],"_links":{"self":[{"href":"https:\/\/www.herbertnathan.com\/sv\/wp-json\/wp\/v2\/pages\/1026","targetHints":{"allow":["GET"]}}],"collection":[{"href":"https:\/\/www.herbertnathan.com\/sv\/wp-json\/wp\/v2\/pages"}],"about":[{"href":"https:\/\/www.herbertnathan.com\/sv\/wp-json\/wp\/v2\/types\/page"}],"author":[{"embeddable":true,"href":"https:\/\/www.herbertnathan.com\/sv\/wp-json\/wp\/v2\/users\/247"}],"replies":[{"embeddable":true,"href":"https:\/\/www.herbertnathan.com\/sv\/wp-json\/wp\/v2\/comments?post=1026"}],"version-history":[{"count":2,"href":"https:\/\/www.herbertnathan.com\/sv\/wp-json\/wp\/v2\/pages\/1026\/revisions"}],"predecessor-version":[{"id":37754,"href":"https:\/\/www.herbertnathan.com\/sv\/wp-json\/wp\/v2\/pages\/1026\/revisions\/37754"}],"up":[{"embeddable":true,"href":"https:\/\/www.herbertnathan.com\/sv\/wp-json\/wp\/v2\/pages\/1020"}],"wp:attachment":[{"href":"https:\/\/www.herbertnathan.com\/sv\/wp-json\/wp\/v2\/media?parent=1026"}],"curies":[{"name":"wp","href":"https:\/\/api.w.org\/{rel}","templated":true}]}}