
{"id":1027,"date":"2016-06-22T12:33:54","date_gmt":"2016-06-22T10:33:54","guid":{"rendered":"https:\/\/www.herbertnathan.com\/?page_id=1027"},"modified":"2025-01-07T14:34:42","modified_gmt":"2025-01-07T13:34:42","slug":"strategi","status":"publish","type":"page","link":"https:\/\/www.herbertnathan.com\/sv\/vara-tjanster\/strategi\/","title":{"rendered":"Strategi"},"content":{"rendered":"<h1>Strategi f\u00f6r byte av Aff\u00e4rssystem och HR-system<\/h1>\n<p>Den f\u00f6rsta fasen inf\u00f6r ett byte av aff\u00e4rssystem eller HR-system \u00e4r strategi. Tillsammans med nyckelpersoner inom er organisation fastst\u00e4ller vi det strategiska ramverk som ett eventuellt skifte kommer f\u00f6lja. V\u00e5r gedigna erfarenhet inom strategi vid byte av aff\u00e4rssystem inneb\u00e4r att ni f\u00e5r en trygg grund att utg\u00e5 fr\u00e5n n\u00e4r det sedan \u00e4r dags f\u00f6r upphandling och implementering.<\/p>\n<p>Som ett f\u00f6rsta steg kartl\u00e4ggs nul\u00e4get och vilka processer och system som idag utg\u00f6r en del av er verksamhet. Genom detta kan nya m\u00f6jligheter identifieras. Strategiska milstolpar definieras sedan med hj\u00e4lp av ett business case och ert \u00f6vergripande verksamhetsbehov. I m\u00e5nga projekt genomf\u00f6r vi \u00e4ven en marknadsanalys, och m\u00f6jliga strategiska \u00e5tg\u00e4rder identifieras och analyseras. Detta innefattar en definition av investeringar, externa kostnader och interna resurser.<\/p>\n<p>&nbsp;<\/p>\n<p>Denna initiala fas resulterar i en strategisk plan i hur ni g\u00e5r vidare mot ert nya aff\u00e4rssystem. Och sj\u00e4lvklart hj\u00e4lper vi er g\u00e4rna genom hela processen \u2013 fr\u00e5n m\u00e5lbild till optimering.<\/p>\n<p>&nbsp;<\/p>\n<p>St\u00e5r er verksamhet inf\u00f6r att fatta beslut om att upphandla ett nytt HR- eller aff\u00e4rssystem? Vill du f\u00e5 en \u00f6kad\u00a0f\u00f6rst\u00e5else f\u00f6r, och insikt i hur,\u00a0du tar dig an uppgiften?<\/p>\n<p>&nbsp;<\/p>\n<p>D\u00e5 \u00e4r du varmt v\u00e4lkommen att kontakta <a href=\"https:\/\/www.herbertnathan.com\/sv\/author\/jonas-andersson\/\">Jonas Andersson<\/a>\u00a0f\u00f6r ett f\u00f6ruts\u00e4ttningsl\u00f6st samtal.<\/p>\n","protected":false},"excerpt":{"rendered":"<p>Strategi f\u00f6r byte av Aff\u00e4rssystem och HR-system Den f\u00f6rsta fasen inf\u00f6r ett byte av aff\u00e4rssystem eller HR-system \u00e4r strategi. Tillsammans [&hellip;]<\/p>\n","protected":false},"author":247,"featured_media":0,"parent":1020,"menu_order":1,"comment_status":"closed","ping_status":"closed","template":"","meta":{"_acf_changed":false,"slim_seo":{"title":"Strategi - HerbertNathan &amp; Co","description":"Strategi f\u00f6r byte av Aff\u00e4rssystem och HR-system Den f\u00f6rsta fasen inf\u00f6r ett byte av aff\u00e4rssystem eller HR-system \u00e4r strategi. Tillsammans med nyckelpersoner inom"},"footnotes":""},"class_list":["post-1027","page","type-page","status-publish","hentry"],"acf":[],"_links":{"self":[{"href":"https:\/\/www.herbertnathan.com\/sv\/wp-json\/wp\/v2\/pages\/1027","targetHints":{"allow":["GET"]}}],"collection":[{"href":"https:\/\/www.herbertnathan.com\/sv\/wp-json\/wp\/v2\/pages"}],"about":[{"href":"https:\/\/www.herbertnathan.com\/sv\/wp-json\/wp\/v2\/types\/page"}],"author":[{"embeddable":true,"href":"https:\/\/www.herbertnathan.com\/sv\/wp-json\/wp\/v2\/users\/247"}],"replies":[{"embeddable":true,"href":"https:\/\/www.herbertnathan.com\/sv\/wp-json\/wp\/v2\/comments?post=1027"}],"version-history":[{"count":2,"href":"https:\/\/www.herbertnathan.com\/sv\/wp-json\/wp\/v2\/pages\/1027\/revisions"}],"predecessor-version":[{"id":37751,"href":"https:\/\/www.herbertnathan.com\/sv\/wp-json\/wp\/v2\/pages\/1027\/revisions\/37751"}],"up":[{"embeddable":true,"href":"https:\/\/www.herbertnathan.com\/sv\/wp-json\/wp\/v2\/pages\/1020"}],"wp:attachment":[{"href":"https:\/\/www.herbertnathan.com\/sv\/wp-json\/wp\/v2\/media?parent=1027"}],"curies":[{"name":"wp","href":"https:\/\/api.w.org\/{rel}","templated":true}]}}