
{"id":2175,"date":"2016-08-19T16:51:43","date_gmt":"2016-08-19T14:51:43","guid":{"rendered":"https:\/\/www.herbertnathan.com\/sv\/?page_id=2175"},"modified":"2023-12-19T08:27:48","modified_gmt":"2023-12-19T07:27:48","slug":"lediga-tjaenster","status":"publish","type":"page","link":"https:\/\/www.herbertnathan.com\/sv\/om-herbertnathan-co\/karriaer\/lediga-tjaenster\/","title":{"rendered":"Lediga tj\u00e4nster"},"content":{"rendered":"","protected":false},"excerpt":{"rendered":"<p>Just nu har s\u00f6ker vi fler seniora konsulter. L\u00e4s g\u00e4rna mer om tj\u00e4nsten. Vi ser fram emot din ans\u00f6kan!<\/p>\n","protected":false},"author":11,"featured_media":22455,"parent":993,"menu_order":0,"comment_status":"closed","ping_status":"closed","template":"page-positions.php","meta":{"_acf_changed":false,"slim_seo":{"title":"Lediga tj\u00e4nster - HerbertNathan &amp; Co","description":"Just nu har s\u00f6ker vi fler seniora konsulter. L\u00e4s g\u00e4rna mer om tj\u00e4nsten. Vi ser fram emot din ans\u00f6kan!"},"footnotes":""},"class_list":["post-2175","page","type-page","status-publish","has-post-thumbnail","hentry"],"acf":[],"_links":{"self":[{"href":"https:\/\/www.herbertnathan.com\/sv\/wp-json\/wp\/v2\/pages\/2175","targetHints":{"allow":["GET"]}}],"collection":[{"href":"https:\/\/www.herbertnathan.com\/sv\/wp-json\/wp\/v2\/pages"}],"about":[{"href":"https:\/\/www.herbertnathan.com\/sv\/wp-json\/wp\/v2\/types\/page"}],"author":[{"embeddable":true,"href":"https:\/\/www.herbertnathan.com\/sv\/wp-json\/wp\/v2\/users\/11"}],"replies":[{"embeddable":true,"href":"https:\/\/www.herbertnathan.com\/sv\/wp-json\/wp\/v2\/comments?post=2175"}],"version-history":[{"count":2,"href":"https:\/\/www.herbertnathan.com\/sv\/wp-json\/wp\/v2\/pages\/2175\/revisions"}],"predecessor-version":[{"id":42258,"href":"https:\/\/www.herbertnathan.com\/sv\/wp-json\/wp\/v2\/pages\/2175\/revisions\/42258"}],"up":[{"embeddable":true,"href":"https:\/\/www.herbertnathan.com\/sv\/wp-json\/wp\/v2\/pages\/993"}],"wp:featuredmedia":[{"embeddable":true,"href":"https:\/\/www.herbertnathan.com\/sv\/wp-json\/wp\/v2\/media\/22455"}],"wp:attachment":[{"href":"https:\/\/www.herbertnathan.com\/sv\/wp-json\/wp\/v2\/media?parent=2175"}],"curies":[{"name":"wp","href":"https:\/\/api.w.org\/{rel}","templated":true}]}}