
{"id":25711,"date":"2020-01-20T14:43:51","date_gmt":"2020-01-20T13:43:51","guid":{"rendered":"https:\/\/www.herbertnathan.com\/?page_id=25711"},"modified":"2026-03-16T14:50:36","modified_gmt":"2026-03-16T13:50:36","slug":"arets-affarssystemprojekt","status":"publish","type":"page","link":"https:\/\/www.herbertnathan.com\/sv\/arets-affarssystemprojekt\/","title":{"rendered":"\u00c5rets Aff\u00e4rssystemprojekt"},"content":{"rendered":"<h1><span style=\"color: #e18b4b;\">\u00c4r ert projekt \u00e5rets b\u00e4sta aff\u00e4rssystemprojekt?<\/span><\/h1>\n<hr \/>\n<p><em>Aff\u00e4rssystemet \u00e4r hj\u00e4rtat i en organisation och utg\u00f6r grunden f\u00f6r digitalisering av verksamheter och processer. Ett v\u00e4l fungerande aff\u00e4rssystem kan ge en verksamhet stora konkurrensf\u00f6rdelar i form av effektivare processer, l\u00e4gre kapitalbindning och b\u00e4ttre kundservice medan ett mindre v\u00e4lfungerande aff\u00e4rssystem kan inneb\u00e4ra b\u00e5de tappad f\u00f6rs\u00e4ljning och \u00f6kad arbetsb\u00f6rda.<\/em><\/p>\n<p>&nbsp;<\/p>\n<p>&nbsp;<\/p>\n<p><img loading=\"lazy\" decoding=\"async\" class=\"alignnone wp-image-47055 size-full\" src=\"https:\/\/www.herbertnathan.com\/wp-content\/uploads\/2025\/11\/Namnlos-4-e1764343937133.png\" alt=\"Bild p\u00e5 samtliga vinnare \u00c5rets Aff\u00e4rssystemprojekt 2025\" width=\"1830\" height=\"304\" srcset=\"https:\/\/www.herbertnathan.com\/wp-content\/uploads\/2025\/11\/Namnlos-4-e1764343937133.png 1830w, https:\/\/www.herbertnathan.com\/wp-content\/uploads\/2025\/11\/Namnlos-4-e1764343937133-400x66.png 400w, https:\/\/www.herbertnathan.com\/wp-content\/uploads\/2025\/11\/Namnlos-4-e1764343937133-1180x196.png 1180w, https:\/\/www.herbertnathan.com\/wp-content\/uploads\/2025\/11\/Namnlos-4-e1764343937133-200x33.png 200w, https:\/\/www.herbertnathan.com\/wp-content\/uploads\/2025\/11\/Namnlos-4-e1764343937133-768x128.png 768w, https:\/\/www.herbertnathan.com\/wp-content\/uploads\/2025\/11\/Namnlos-4-e1764343937133-1536x255.png 1536w, https:\/\/www.herbertnathan.com\/wp-content\/uploads\/2025\/11\/Namnlos-4-e1764343937133-450x75.png 450w\" sizes=\"auto, (max-width: 1830px) 100vw, 1830px\" \/><\/p>\n<p>&nbsp;<\/p>\n<p>&nbsp;<\/p>\n<p>HerbertNathan &amp; Co har sedan 2016 delat ut\u00a0 utm\u00e4rkelsen \u00c5rets Aff\u00e4rssystemprojekt och nu \u00e4r det dags f\u00f6r en ny t\u00e4vlingsomg\u00e5ng. Den 5 maj 2026 skall vinnaren utses och kanske blir det ert bidrag som f\u00e5r titulera sig \u00c5rets Aff\u00e4rsystemprojekt. Vi v\u00e4lkomnar alla t\u00e4vlingsbidrag som uppfyller t\u00e4vlingskriterierna nedan.<\/p>\n<p>&nbsp;<\/p>\n<p>&nbsp;<\/p>\n<p><img loading=\"lazy\" decoding=\"async\" class=\"alignnone wp-image-42454 size-large\" src=\"https:\/\/www.herbertnathan.com\/wp-content\/uploads\/2024\/01\/Tavlingskriterier-ny-1180x222.png\" alt=\"\" width=\"1180\" height=\"222\" srcset=\"https:\/\/www.herbertnathan.com\/wp-content\/uploads\/2024\/01\/Tavlingskriterier-ny-1180x222.png 1180w, https:\/\/www.herbertnathan.com\/wp-content\/uploads\/2024\/01\/Tavlingskriterier-ny-400x75.png 400w, https:\/\/www.herbertnathan.com\/wp-content\/uploads\/2024\/01\/Tavlingskriterier-ny-200x38.png 200w, https:\/\/www.herbertnathan.com\/wp-content\/uploads\/2024\/01\/Tavlingskriterier-ny-768x144.png 768w, https:\/\/www.herbertnathan.com\/wp-content\/uploads\/2024\/01\/Tavlingskriterier-ny-1536x289.png 1536w, https:\/\/www.herbertnathan.com\/wp-content\/uploads\/2024\/01\/Tavlingskriterier-ny.png 2048w, https:\/\/www.herbertnathan.com\/wp-content\/uploads\/2024\/01\/Tavlingskriterier-ny-450x85.png 450w\" sizes=\"auto, (max-width: 1180px) 100vw, 1180px\" \/><\/p>\n<p>&nbsp;<\/p>\n<p>&nbsp;<\/p>\n<h2><span style=\"color: #e18b4b;\"><strong>L\u00e4mna in ert t\u00e4vlingsbidrag<\/strong><\/span><\/h2>\n<hr \/>\n<p>Just nu \u00e4r t\u00e4vlingsperioden st\u00e4ngd. L\u00e4mna dina kontaktuppgifter nedan s\u00e5 skickar vi, n\u00e4r det \u00e4r dags, information om n\u00e4sta \u00e5rs t\u00e4vling.<\/p>\n<p>&nbsp;<\/p>\n<p><code><script charset=\"utf-8\" type=\"text\/javascript\" src=\"\/\/js.hsforms.net\/forms\/embed\/v2.js\"><\/script><br \/>\n<script>\nhbspt.forms.create({\nportalId: \"19838267\",\nformId: \"96c7b26a-cf72-4a0e-8180-6d3b7cf62431\",\nregion: \"na1\"\n});\n<\/script><\/code><\/p>\n<p>&nbsp;<\/p>\n<p>&nbsp;<\/p>\n<p>Har du ytterligare fr\u00e5gor om priset och hur nomineringen g\u00e5r till s\u00e5 kontakta Anna Regazzoni Theorin p\u00e5 <a href=\"mailto:art@herbertnathan.com\">art@herbertnathan.com<\/a><\/p>\n","protected":false},"excerpt":{"rendered":"<p>L\u00e4mna in ert bidrag till \u00c5rets Aff\u00e4rssystemprojekt 2025\/2026.  Sista dag att l\u00e4mna in ert t\u00e4vlingsbidrag \u00e4r den 28 februari 2026. Vinnaren presenteras den 5 maj 2026.<\/p>\n","protected":false},"author":44,"featured_media":34311,"parent":0,"menu_order":0,"comment_status":"closed","ping_status":"closed","template":"","meta":{"_acf_changed":false,"slim_seo":{"title":"\u00c5rets Aff\u00e4rssystemprojekt - HerbertNathan &amp; Co","description":"L\u00e4mna in ert bidrag till \u00c5rets Aff\u00e4rssystemprojekt 2025\/2026. Sista dag att l\u00e4mna in ert t\u00e4vlingsbidrag \u00e4r den 28 februari 2026. Vinnaren presenteras den 5 maj"},"footnotes":""},"class_list":["post-25711","page","type-page","status-publish","has-post-thumbnail","hentry"],"acf":[],"_links":{"self":[{"href":"https:\/\/www.herbertnathan.com\/sv\/wp-json\/wp\/v2\/pages\/25711","targetHints":{"allow":["GET"]}}],"collection":[{"href":"https:\/\/www.herbertnathan.com\/sv\/wp-json\/wp\/v2\/pages"}],"about":[{"href":"https:\/\/www.herbertnathan.com\/sv\/wp-json\/wp\/v2\/types\/page"}],"author":[{"embeddable":true,"href":"https:\/\/www.herbertnathan.com\/sv\/wp-json\/wp\/v2\/users\/44"}],"replies":[{"embeddable":true,"href":"https:\/\/www.herbertnathan.com\/sv\/wp-json\/wp\/v2\/comments?post=25711"}],"version-history":[{"count":17,"href":"https:\/\/www.herbertnathan.com\/sv\/wp-json\/wp\/v2\/pages\/25711\/revisions"}],"predecessor-version":[{"id":47846,"href":"https:\/\/www.herbertnathan.com\/sv\/wp-json\/wp\/v2\/pages\/25711\/revisions\/47846"}],"wp:featuredmedia":[{"embeddable":true,"href":"https:\/\/www.herbertnathan.com\/sv\/wp-json\/wp\/v2\/media\/34311"}],"wp:attachment":[{"href":"https:\/\/www.herbertnathan.com\/sv\/wp-json\/wp\/v2\/media?parent=25711"}],"curies":[{"name":"wp","href":"https:\/\/api.w.org\/{rel}","templated":true}]}}