
{"id":26107,"date":"2020-01-29T08:58:06","date_gmt":"2020-01-29T07:58:06","guid":{"rendered":"https:\/\/www.herbertnathan.com\/arets-affarssystemprojekt-copy\/"},"modified":"2025-11-03T11:26:05","modified_gmt":"2025-11-03T10:26:05","slug":"arets-hr-systemprojekt","status":"publish","type":"page","link":"https:\/\/www.herbertnathan.com\/sv\/arets-hr-systemprojekt\/","title":{"rendered":"\u00c5rets HR-systemprojekt"},"content":{"rendered":"<h1><span style=\"color: #e18b4b;\">\u00c4r ert projekt \u00e5rets b\u00e4sta HR-systemprojekt?<\/span><\/h1>\n<hr \/>\n<p><em>Under de senaste \u00e5ren har vi sett en positiv trend i att allt fler organisationer investerar i systemst\u00f6d som st\u00f6djer HR-processerna. Ett HR-system kan st\u00f6dja aff\u00e4ren, skapa kvalitetss\u00e4krad masterdata, st\u00e4rka arbetsgivarvarum\u00e4rket och \u00f6ka medarbetarn\u00f6jdheten samtidigt som det kan automatisera rutinuppgifter. P\u00e5 m\u00e5nga s\u00e4tt m\u00f6jligg\u00f6r det att HR och chefer kan f\u00e5 mer tid \u00e5t att fokusera utveckling av medarbetare och organisation.<\/em><\/p>\n<p>&nbsp;<\/p>\n<p><em>HR-system ger ett holistiskt, digitalt f\u00f6rh\u00e5llningss\u00e4tt till medarbetarprocesser. HR anv\u00e4nder data f\u00f6r att f\u00e5 realtidsinsikter f\u00f6r b\u00e4ttre beslutsfattande och har m\u00f6jlighet att automatisera och effektivisera manuella och rutinm\u00e4ssiga processer. Samtidigt som medarbetarna f\u00e5r mer kontroll \u00f6ver sin data.<\/em><\/p>\n<p>&nbsp;<\/p>\n<p><em>Men organisationer kan inte f\u00f6rv\u00e4nta sig att dra nytta av f\u00f6rdelarna med ett HR-system genom att helt enkelt bara k\u00f6pa ett. Att k\u00f6pa ett nytt system men forts\u00e4tta arbeta p\u00e5 samma s\u00e4tt inneb\u00e4r bara att du har k\u00f6pt ett v\u00e4ldigt dyrt nytt system \u2013 utan n\u00e5gra f\u00f6rb\u00e4ttringar. Avkastningen p\u00e5 investeringen beror p\u00e5 hur v\u00e4l du har genomf\u00f6rt f\u00f6rstudie, upphandling och implementering.<\/em><\/p>\n<p>&nbsp;<\/p>\n<p>&nbsp;<\/p>\n<p>&nbsp;<\/p>\n<p><img loading=\"lazy\" decoding=\"async\" class=\"aligncenter size-large wp-image-45249\" src=\"https:\/\/www.herbertnathan.com\/wp-content\/uploads\/2025\/04\/Tidigare-vinnare-Arets-HR-systemprojekt-1180x212.png\" alt=\"Tidigare vinnare \u00c5rets hr systemprojekt\" width=\"1180\" height=\"212\" srcset=\"https:\/\/www.herbertnathan.com\/wp-content\/uploads\/2025\/04\/Tidigare-vinnare-Arets-HR-systemprojekt-1180x212.png 1180w, https:\/\/www.herbertnathan.com\/wp-content\/uploads\/2025\/04\/Tidigare-vinnare-Arets-HR-systemprojekt-400x72.png 400w, https:\/\/www.herbertnathan.com\/wp-content\/uploads\/2025\/04\/Tidigare-vinnare-Arets-HR-systemprojekt-200x36.png 200w, https:\/\/www.herbertnathan.com\/wp-content\/uploads\/2025\/04\/Tidigare-vinnare-Arets-HR-systemprojekt-768x138.png 768w, https:\/\/www.herbertnathan.com\/wp-content\/uploads\/2025\/04\/Tidigare-vinnare-Arets-HR-systemprojekt-1536x276.png 1536w, https:\/\/www.herbertnathan.com\/wp-content\/uploads\/2025\/04\/Tidigare-vinnare-Arets-HR-systemprojekt.png 2048w, https:\/\/www.herbertnathan.com\/wp-content\/uploads\/2025\/04\/Tidigare-vinnare-Arets-HR-systemprojekt-450x81.png 450w\" sizes=\"auto, (max-width: 1180px) 100vw, 1180px\" \/><\/p>\n<p>&nbsp;<\/p>\n<p>&nbsp;<\/p>\n<p>&nbsp;<\/p>\n<p>HerbertNathan &amp; Co har sedan 2018 delat ut\u00a0 utm\u00e4rkelsen \u00c5rets HR-systemprojekt f\u00f6r att lyfta framg\u00e5ngssagorna, de som lyckades n\u00e5 sina m\u00e5l. Vi v\u00e4lkomnar alla som uppfyller t\u00e4vlingskriterierna nedan all l\u00e4mna in sitt t\u00e4vlingsbidrag. N\u00e4sta t\u00e4vlingsperiod p\u00e5g\u00e5r v\u00e5r-sommar 2027.<\/p>\n<p>&nbsp;<\/p>\n<p>&nbsp;<\/p>\n<p>&nbsp;<\/p>\n<p><img loading=\"lazy\" decoding=\"async\" class=\"aligncenter size-large wp-image-45243\" src=\"https:\/\/www.herbertnathan.com\/wp-content\/uploads\/2025\/04\/Tavlingskriterier-Arets-HR-systemprojekt-1180x200.png\" alt=\"T\u00e4vlingskriterier \u00c5rets hr systemprojekt\" width=\"1180\" height=\"200\" srcset=\"https:\/\/www.herbertnathan.com\/wp-content\/uploads\/2025\/04\/Tavlingskriterier-Arets-HR-systemprojekt-1180x200.png 1180w, https:\/\/www.herbertnathan.com\/wp-content\/uploads\/2025\/04\/Tavlingskriterier-Arets-HR-systemprojekt-400x68.png 400w, https:\/\/www.herbertnathan.com\/wp-content\/uploads\/2025\/04\/Tavlingskriterier-Arets-HR-systemprojekt-200x34.png 200w, https:\/\/www.herbertnathan.com\/wp-content\/uploads\/2025\/04\/Tavlingskriterier-Arets-HR-systemprojekt-768x130.png 768w, https:\/\/www.herbertnathan.com\/wp-content\/uploads\/2025\/04\/Tavlingskriterier-Arets-HR-systemprojekt-1536x261.png 1536w, https:\/\/www.herbertnathan.com\/wp-content\/uploads\/2025\/04\/Tavlingskriterier-Arets-HR-systemprojekt.png 2048w, https:\/\/www.herbertnathan.com\/wp-content\/uploads\/2025\/04\/Tavlingskriterier-Arets-HR-systemprojekt-450x76.png 450w\" sizes=\"auto, (max-width: 1180px) 100vw, 1180px\" \/><\/p>\n<p>&nbsp;<\/p>\n<p>&nbsp;<\/p>\n<p>&nbsp;<\/p>\n<h2><span style=\"color: #e18b4b;\"><strong>L\u00e4mna in <span style=\"color: #e18b4b;\">ert t\u00e4vlin<\/span>gsbidrag<\/strong><\/span><\/h2>\n<hr \/>\n<p>Just nu \u00e4r t\u00e4vlingsperioden st\u00e4ngd. L\u00e4mna dina kontaktuppgifter nedan s\u00e5 skickar vi, n\u00e4r det \u00e4r dags, information om 2027 \u00e5rs t\u00e4vling.<\/p>\n<p>&nbsp;<\/p>\n<h3><strong>Jag vill ha l\u00f6pande information om \u00c5rets HR-systemprojekt<\/strong><\/h3>\n<p><code><script charset=\"utf-8\" type=\"text\/javascript\" src=\"\/\/js.hsforms.net\/forms\/embed\/v2.js\"><\/script><br \/>\n<script>\n  hbspt.forms.create({\n    portalId: \"19838267\",\n    formId: \"b66e6f4c-dc4a-4ed2-8e7d-c990ada03854\",\n    region: \"na1\"\n  });\n<\/script><\/code><\/p>\n<p>&nbsp;<\/p>\n<p>Har du n\u00e5gra fr\u00e5gor om priset och hur nomineringen g\u00e5r till s\u00e5 kontakta Anna Regazzoni Theorin p\u00e5\u00a0<a href=\"mailto:art@herbertnathan.com\">art@herbertnathan.com<\/a><\/p>\n","protected":false},"excerpt":{"rendered":"<p>HerbertNathan &#038; Co har sedan 2018 delat ut utm\u00e4rkelsen \u00e5rets HR-systemprojekt f\u00f6r att p\u00e5 s\u00e5 s\u00e4tt belysa lyckade systemimplementationer. Tveka inte att nominera er senaste HR-systemimplementation till t\u00e4vlingen.<\/p>\n","protected":false},"author":44,"featured_media":41955,"parent":0,"menu_order":0,"comment_status":"closed","ping_status":"closed","template":"","meta":{"_acf_changed":false,"slim_seo":{"title":"\u00c5rets HR-systemprojekt - HerbertNathan &amp; Co","description":"HerbertNathan & Co har sedan 2018 delat ut utm\u00e4rkelsen \u00e5rets HR-systemprojekt f\u00f6r att p\u00e5 s\u00e5 s\u00e4tt belysa lyckade systemimplementationer. Tveka inte att nominera"},"footnotes":""},"class_list":["post-26107","page","type-page","status-publish","has-post-thumbnail","hentry"],"acf":[],"_links":{"self":[{"href":"https:\/\/www.herbertnathan.com\/sv\/wp-json\/wp\/v2\/pages\/26107","targetHints":{"allow":["GET"]}}],"collection":[{"href":"https:\/\/www.herbertnathan.com\/sv\/wp-json\/wp\/v2\/pages"}],"about":[{"href":"https:\/\/www.herbertnathan.com\/sv\/wp-json\/wp\/v2\/types\/page"}],"author":[{"embeddable":true,"href":"https:\/\/www.herbertnathan.com\/sv\/wp-json\/wp\/v2\/users\/44"}],"replies":[{"embeddable":true,"href":"https:\/\/www.herbertnathan.com\/sv\/wp-json\/wp\/v2\/comments?post=26107"}],"version-history":[{"count":23,"href":"https:\/\/www.herbertnathan.com\/sv\/wp-json\/wp\/v2\/pages\/26107\/revisions"}],"predecessor-version":[{"id":45129,"href":"https:\/\/www.herbertnathan.com\/sv\/wp-json\/wp\/v2\/pages\/26107\/revisions\/45129"}],"wp:featuredmedia":[{"embeddable":true,"href":"https:\/\/www.herbertnathan.com\/sv\/wp-json\/wp\/v2\/media\/41955"}],"wp:attachment":[{"href":"https:\/\/www.herbertnathan.com\/sv\/wp-json\/wp\/v2\/media?parent=26107"}],"curies":[{"name":"wp","href":"https:\/\/api.w.org\/{rel}","templated":true}]}}