
{"id":29490,"date":"2020-04-20T18:50:44","date_gmt":"2020-04-20T16:50:44","guid":{"rendered":"https:\/\/www.herbertnathan.com\/?page_id=29490"},"modified":"2020-04-20T18:50:44","modified_gmt":"2020-04-20T16:50:44","slug":"boka-kostnadsfri-radgivning","status":"publish","type":"page","link":"https:\/\/www.herbertnathan.com\/sv\/boka-kostnadsfri-radgivning\/","title":{"rendered":"Boka kostnadsfri r\u00e5dgivning"},"content":{"rendered":"<h1>Boka kostnadsfri r\u00e5dgivning<\/h1>\n<p>HerbertNathan &amp; Co vill g\u00e4rna erbjuda er organisation 30 minuters kostnadsfri r\u00e5dgivning.<\/p>\n<p>Fyll i dina kontaktuppgifter nedan s\u00e5 h\u00f6r vi av oss f\u00f6r att komma \u00f6verens om passande tid f\u00f6r ett webbm\u00f6te.<\/p>\n<p>&nbsp;<\/p>\n\n","protected":false},"excerpt":{"rendered":"<p>Boka kostnadsfri r\u00e5dgivning HerbertNathan &amp; Co vill g\u00e4rna erbjuda er organisation 30 minuters kostnadsfri r\u00e5dgivning. Fyll i dina kontaktuppgifter nedan [&hellip;]<\/p>\n","protected":false},"author":89,"featured_media":0,"parent":0,"menu_order":0,"comment_status":"closed","ping_status":"closed","template":"","meta":{"_acf_changed":false,"slim_seo":{"title":"Boka kostnadsfri r\u00e5dgivning - HerbertNathan &amp; Co","description":"Boka kostnadsfri r\u00e5dgivning HerbertNathan &amp; Co vill g\u00e4rna erbjuda er organisation 30 minuters kostnadsfri r\u00e5dgivning. Fyll i dina kontaktuppgifter nedan s\u00e5"},"footnotes":""},"class_list":["post-29490","page","type-page","status-publish","hentry"],"acf":[],"_links":{"self":[{"href":"https:\/\/www.herbertnathan.com\/sv\/wp-json\/wp\/v2\/pages\/29490","targetHints":{"allow":["GET"]}}],"collection":[{"href":"https:\/\/www.herbertnathan.com\/sv\/wp-json\/wp\/v2\/pages"}],"about":[{"href":"https:\/\/www.herbertnathan.com\/sv\/wp-json\/wp\/v2\/types\/page"}],"author":[{"embeddable":true,"href":"https:\/\/www.herbertnathan.com\/sv\/wp-json\/wp\/v2\/users\/89"}],"replies":[{"embeddable":true,"href":"https:\/\/www.herbertnathan.com\/sv\/wp-json\/wp\/v2\/comments?post=29490"}],"version-history":[{"count":2,"href":"https:\/\/www.herbertnathan.com\/sv\/wp-json\/wp\/v2\/pages\/29490\/revisions"}],"predecessor-version":[{"id":29495,"href":"https:\/\/www.herbertnathan.com\/sv\/wp-json\/wp\/v2\/pages\/29490\/revisions\/29495"}],"wp:attachment":[{"href":"https:\/\/www.herbertnathan.com\/sv\/wp-json\/wp\/v2\/media?parent=29490"}],"curies":[{"name":"wp","href":"https:\/\/api.w.org\/{rel}","templated":true}]}}