
{"id":9252,"date":"2018-09-14T10:41:05","date_gmt":"2018-09-14T08:41:05","guid":{"rendered":"https:\/\/www.herbertnathan.com\/?page_id=9252"},"modified":"2023-04-04T15:47:48","modified_gmt":"2023-04-04T13:47:48","slug":"herbertnathan-co-abs-integritetspolicy","status":"publish","type":"page","link":"https:\/\/www.herbertnathan.com\/sv\/herbertnathan-co-abs-integritetspolicy\/","title":{"rendered":"HerbertNathan &#038; Co AB&#8217;s Integritetspolicy"},"content":{"rendered":"<h1>HerbertNathan &amp; Co AB&#8217;s Integritetspolicy<\/h1>\n<h2><\/h2>\n<h2>Varf\u00f6r skall jag l\u00e4sa denna information?<\/h2>\n<p>Denna Integritetspolicy beskriver hur vi samlar in, anv\u00e4nder, sparar, l\u00e4mnar ut och skyddar dina personuppgifter. Den g\u00e4ller f\u00f6r HerbertNathan &amp; Co\u00b4s konferenser, rapporter, marknadsanalyser, seminarier, webbplats och f\u00f6r alla relaterade webbplatser, tj\u00e4nster och verktyg d\u00e4r det finns en h\u00e4nvisning till denna Integritetspolicy, oavsett p\u00e5 vilket s\u00e4tt du f\u00e5r \u00e5tkomst till eller anv\u00e4nder dem.<\/p>\n<p>I denna Integritetspolicy anv\u00e4nder vi begreppet \u201cpersonuppgifter\u201d f\u00f6r att beskriva information som direkt eller indirekt kan identifiera en fysisk person. Vi anser inte att personuppgifter omfattar information som har anonymiserats eller aggregerats p\u00e5 s\u00e5 s\u00e4tt att den varken med hj\u00e4lp av annan information eller p\u00e5 annat s\u00e4tt kan anv\u00e4ndas f\u00f6r att identifiera en specifik fysisk person.<\/p>\n<p>Genom att acceptera denna Integritetspolicy samtycker du till att vi f\u00e5r samla in, anv\u00e4nda, l\u00e4mna ut och spara dina personuppgifter p\u00e5 de s\u00e4tt som beskrivs i denna Integritetspolicy.<\/p>\n<p>&nbsp;<\/p>\n<h2>Vilken information h\u00e5ller ni om mig?<\/h2>\n<p>Vi samlar in och spara s\u00e5dan information som du uppger p\u00e5 v\u00e5ra webbplatser, konferenser, m\u00f6ten eller som du l\u00e4mnar till oss i samband med anv\u00e4ndning av v\u00e5ra webbplatser, tj\u00e4nster eller verktyg. Detta omfattar:<\/p>\n<ul>\n<li>Information du l\u00e4mnar till oss vid best\u00e4llning av en produkt eller tj\u00e4nst, inklusive e-postadress, telefonnummer, organisationsnummer, kontaktinformation, fakturerings- och betalningsinformation samt annan information som du l\u00e4mnar vid k\u00f6p eller leverans av en produkt eller tj\u00e4nst.<\/li>\n<li>Information du l\u00e4mnar till oss vid nedladdning av kostnadsfria utdrag av rapporter, inklusive befattning p\u00e5 aktuellt f\u00f6retag samt kontaktinformation i form av e-post och telefonnummer.<\/li>\n<li>Information du l\u00e4mnar i samband med diskussioner i forum, chattar, telefon, korrespondens genom v\u00e5ra webbplatser eller korrespondens som skickas till oss.<\/li>\n<li>Information du l\u00e4mnar till oss i samband med \u00f6nskan om prenumeration av nyhetsbrev, inklusive e-postadress.<\/li>\n<li>Information du l\u00e4mnar i samband med anm\u00e4lan till seminarier\/events, inklusive namn, f\u00f6retag, titel, telefonnummer, h\u00e4lsodata s\u00e5som uppgifter om allergier, samt uppgifter l\u00e4mnade i samband med utv\u00e4rdering av event.<\/li>\n<li>Information som vi samlar in fr\u00e5n andra k\u00e4llor. Vi kan komma att erh\u00e5lla eller samla in kompletterande information om dig i din professionella roll fr\u00e5n tredje part s\u00e5som s\u00e4ljf\u00f6retag och l\u00e4gga till den i v\u00e5r information om dig. Detta kan omfatta demografisk information, befattning p\u00e5 aktuellt f\u00f6retag samt kontaktinformation i form av e-post och telefonnummer.<\/li>\n<li>Informationsinsamling genom delning och registrering i sociala medier. Vi kan komma att erbjuda tj\u00e4nster som g\u00f6r det m\u00f6jligt att dela information i sociala medier.<\/li>\n<li>Informationsinsamling genom cookies och andra liknande tekniker f\u00f6r att anpassa anv\u00e4ndarupplevelsen, se bes\u00f6ksstatistik och styra hur m\u00e5nga g\u00e5nger vissa annonser visas. Det anv\u00e4nds ocks\u00e5 f\u00f6r att utveckla och f\u00f6rb\u00e4ttra webbplatsen.<\/li>\n<\/ul>\n<p>&nbsp;<\/p>\n<h2>Fr\u00e5n vilka k\u00e4llor samlar ni in uppgifter om mig?<\/h2>\n<p>HerbertNathan &amp; Co samlar in dina personuppgifter direkt fr\u00e5n dig n\u00e4r du k\u00f6per v\u00e5ra tj\u00e4nster, bes\u00f6ker eller genomf\u00f6r en best\u00e4llning eller nedladdning p\u00e5 www.herbertnathan.com, deltar vid v\u00e5ra events, klickar p\u00e5 l\u00e4nkar i digital marknadskommunikation som vi har skickat till dig och n\u00e4r du p\u00e5 annat s\u00e4tt har kontakt med HerbertNathan &amp; Co och l\u00e4mnar uppgifter om dig. Information om dig samlas in vid dessa tillf\u00e4llen f\u00f6r att du ska kunna ing\u00e5 avtal med HerbertNathan &amp; Co och f\u00f6r att HerbertNathan &amp; Co ska kunna tillhandah\u00e5lla produkter och tj\u00e4nster till dig.<\/p>\n<p>HerbertNathan &amp; Co kan \u00e4ven komma att k\u00f6pa in f\u00f6retagsregister fr\u00e5n k\u00e4lla (s\u00e5som men inte begr\u00e4nsat till PAR och Creditsafe) d\u00e4r den registrerade \u00e4r eller kan antas vara medveten om att personuppgifter kan anv\u00e4ndas och\/eller l\u00e4mnas ut f\u00f6r s\u00e5dana \u00e4ndam\u00e5l utan att ha motsatt sig detta.<\/p>\n<p>HerbertNathan &amp; Co kan ocks\u00e5 likt ovanst\u00e5ende n\u00e4mnda f\u00f6retag samla in personuppgifter i form av kontaktuppgifter s\u00e5som epost (f\u00f6retag), telefonnummer och uppgifter om aktuell befattning.<\/p>\n<p>&nbsp;<\/p>\n<h2>Hur kommer ni att anv\u00e4nda mina personuppgifter?<\/h2>\n<p>V\u00e5rt syfte med insamling av personuppgifter \u00e4r att du ska f\u00e5 \u00e5tkomst till v\u00e5ra tj\u00e4nster, och\/eller kunna anv\u00e4nda v\u00e5ra webbplatser och verktyg, ge dig information om dina best\u00e4llningar och v\u00e5ra tj\u00e4nster samt ge dig en s\u00e4ker, effektiv och anpassad upplevelse. Vi h\u00e5ller kontaktinformation f\u00f6r ett antal olika syften:<\/p>\n<p>&nbsp;<\/p>\n<h3>K\u00f6p och leverans av produkter\/tj\u00e4nster<\/h3>\n<p>I de fall du k\u00f6per n\u00e5gon av v\u00e5ra tj\u00e4nster beh\u00f6ver vi dina uppgifter f\u00f6r att kunna bekr\u00e4fta, genomf\u00f6ra\/leverera och fakturera tj\u00e4nster\/produkter du best\u00e4llt av oss muntligen eller via v\u00e5r webbsida<\/p>\n<h4>Laglig grund<\/h4>\n<p><span style=\"color: #e18b4b;\">Fullg\u00f6rande av avtal<\/span>. Insamlingen av dina personuppgifter kr\u00e4vs f\u00f6r att vi ska kunna fullg\u00f6ra v\u00e5ra \u00e5tagande enligt tj\u00e4nsteavtalet. Om uppgifterna inte l\u00e4mnas kan v\u00e5ra \u00e5taganden inte fullg\u00f6ras och vi tvingas d\u00e4rf\u00f6r neka dig tj\u00e4nsten.<\/p>\n<p>&nbsp;<\/p>\n<h3>Nedladdning av kostnadsfria utdrag av rapporter<\/h3>\n<p>I de fall du k\u00f6per n\u00e5gon av v\u00e5ra tj\u00e4nster beh\u00f6ver vi din e-postadress f\u00f6r att kunna bekr\u00e4fta, leverera produkter du best\u00e4llt av oss muntligen eller via v\u00e5r webbsida. Vi kan ocks\u00e5 komma att informera dig om kommande rapporter events r\u00f6rande v\u00e5ra rapporter. Du kan l\u00e4tt s\u00e4ga nej till denna typ av utskick genom att f\u00f6lja unsubscribe-l\u00e4nken i e-postutskicket.<\/p>\n<h4>Laglig grund<\/h4>\n<p><span style=\"color: #e18b4b;\">Samtycke<\/span>. Behandlingen \u00e4r n\u00f6dv\u00e4ndig f\u00f6r att kunna leverera utdrag till den som har best\u00e4llt detta.<\/p>\n<p>&nbsp;<\/p>\n<h3>Nyhetsbrev<\/h3>\n<p>I de fall du v\u00e4ljer att prenumerera p\u00e5 v\u00e5rt digitala nyhetsbrev som syftar till att informera om v\u00e5r verksamhet till s\u00e4rskilda intressenter. Du kan l\u00e4tt s\u00e4ga nej till dessa nyhetsbrev genom att f\u00f6lja unsubscribe-l\u00e4nken i e-postutskicket.<\/p>\n<h4>Laglig grund<\/h4>\n<p><span style=\"color: #e18b4b;\">Samtycke<\/span>. Behandlingen \u00e4r n\u00f6dv\u00e4ndig f\u00f6r att kunna leverera nyhetsbrev och andra utskick till dem som frivilligt anm\u00e4lt att de vill ta emot dessa. Om uppgifterna inte l\u00e4mnas eller \u00e5tertas kan vi inte l\u00e4ngre tillhandah\u00e5lla utskicken till mottagaren.<\/p>\n<p>&nbsp;<\/p>\n<h3>Seminarium<\/h3>\n<p>F\u00f6r att kunna genomf\u00f6ra och hantera deltagande i seminarier\/event, samt att f\u00f6lja upp eventuella \u00f6nskem\u00e5l\/fr\u00e5gor efter utf\u00f6rt seminarium\/event. Vi kan ocks\u00e5 komma att informera dig om kommande seminarier och event. Du kan l\u00e4tt s\u00e4ga nej till denna typ av utskick genom att f\u00f6lja unsubscribe-l\u00e4nken i e-postutskicket.<\/p>\n<h4>Laglig grund<\/h4>\n<p><span style=\"color: #e18b4b;\">Samtycke och med st\u00f6d av ber\u00e4ttigat intresse<\/span>. Behandlingen \u00e4r n\u00f6dv\u00e4ndig f\u00f6r att genomf\u00f6ra, utv\u00e4rdera, utveckla och f\u00f6rb\u00e4ttra tj\u00e4nsterna.<\/p>\n<p>&nbsp;<\/p>\n<h3>Anv\u00e4ndning av v\u00e5ra webbplatser<\/h3>\n<p>I de fall du bes\u00f6ker n\u00e5gon av v\u00e5ra webbplatser eller sociala kan vi komma att utf\u00f6ra informationsinsamling genom cookies och andra liknande tekniker.<\/p>\n<h4>Laglig grund<\/h4>\n<p><span style=\"color: #e18b4b;\">Ber\u00e4ttigat intresse<\/span>. F\u00f6r att kunna g\u00f6ra uppdateringar av den teknik som g\u00f6r det m\u00f6jligt f\u00f6r dig att kunna bes\u00f6ka v\u00e5r webbplats. Samt f\u00f6r att f\u00f6rh\u00f6ja kundupplevelsen genom att b\u00e5de f\u00f6rb\u00e4ttra befintliga och utveckla nya tj\u00e4nster och produkter.<\/p>\n<p>&nbsp;<\/p>\n<h2>Hur l\u00e4nge sparar ni mina personuppgifter?<\/h2>\n<p>HerbertNathan &amp; Co sparar dina personuppgifter s\u00e5 l\u00e4nge det \u00e4r n\u00f6dv\u00e4ndigt f\u00f6r att uppn\u00e5 de \u00e4ndam\u00e5l som beskrivs i policyn. Om du avregistrerar dig fr\u00e5n v\u00e5ra tj\u00e4nster tar vi bort dina personuppgifter s\u00e5 snart vi kan, med undantag f\u00f6r avidentifierade uppgifter som vi kan komma att spara f\u00f6r statistik\u00e4ndam\u00e5l<\/p>\n<p>&nbsp;<\/p>\n<h2>Med vem delar ni mina personuppgifter?<\/h2>\n<p>Vi l\u00e4mnar ut personuppgifter f\u00f6r att uppfylla r\u00e4ttsliga skyldigheter och uppr\u00e4tth\u00e5lla v\u00e5ra policys.<\/p>\n<p>Vi kan komma att dela med oss av dina personuppgifter till:<\/p>\n<ul>\n<li>Underleverant\u00f6rer som hj\u00e4lper oss att bedriva verksamheten;<\/li>\n<li>Tillsynsmyndighet, polismyndighet, eller annan beh\u00f6rig tredje part;<\/li>\n<li>Annan tredje part till vilken du uttryckligen vill att vi ska skicka dina uppgifter;<\/li>\n<li>Andra f\u00f6retag om vi skulle fusioneras eller bli uppk\u00f6pta av s\u00e5dant f\u00f6retag. Om detta skulle intr\u00e4ffa, s\u00e5 kommer vi att kr\u00e4va att det nya f\u00f6retaget f\u00f6ljer denna Integritetspolicy vad g\u00e4ller behandling av dina personuppgifter. Om dina personuppgifter kommer att anv\u00e4ndas eller l\u00e4mnas ut f\u00f6r andra \u00e4ndam\u00e5l \u00e4n vad som anges i denna policy, s\u00e5 kommer vi att informera dig om det och om till\u00e4mpligt efterfr\u00e5ga ditt samtycke.<\/li>\n<\/ul>\n<p>&nbsp;<\/p>\n<h2>Var hanterar ni mina personuppgifter?<\/h2>\n<p>Vi sparar och behandlar dina personuppgifter p\u00e5 v\u00e5ra servrar i Sverige och p\u00e5 annat h\u00e5ll i v\u00e4rlden och \u00e5tar oss att tillhandah\u00e5lla l\u00e4mpligt skydd f\u00f6r dina personuppgifter d\u00e4r s\u00e5dan information \u00f6verf\u00f6rs till en plats utanf\u00f6r EES. \u00d6verf\u00f6ringar av information mellan oss och v\u00e5ra aff\u00e4rspartners sker med st\u00f6d av Bindande F\u00f6retagsbest\u00e4mmelser.<\/p>\n<p>Vi anv\u00e4nder fysiska, tekniska och organisatoriska s\u00e4kerhets\u00e5tg\u00e4rder, i f\u00f6rh\u00e5llande till m\u00e4ngd och k\u00e4nslighet av personuppgifter, f\u00f6r att f\u00f6rhindra obeh\u00f6rig behandling, inklusive men inte begr\u00e4nsat till obeh\u00f6rig \u00e5tkomst, till\u00e4gnande och anv\u00e4ndning av, f\u00f6rlust, radering eller skada p\u00e5 anv\u00e4ndarens personuppgifter. N\u00e5gra av de s\u00e4kerhets\u00e5tg\u00e4rder som vi anv\u00e4nder \u00e4r brandv\u00e4ggar och kryptering av data.<\/p>\n<p>&nbsp;<\/p>\n<h2>Vilka r\u00e4ttigheter har jag?<\/h2>\n<h3>R\u00e4tt till tillg\u00e5ng<\/h3>\n<p>Du har r\u00e4tt att beg\u00e4ra att f\u00e5 se vilka uppgifter vi har sparade om dig. Om du vill beg\u00e4ra tillg\u00e5ng till alla personuppgifter som vi har om dig, observera att fotolegitimation kan komma att kr\u00e4vas f\u00f6r att bevisa din identitet.<\/p>\n<p>&nbsp;<\/p>\n<h3>R\u00e4tt till r\u00e4ttelse<\/h3>\n<p>Vi str\u00e4var alltid efter att h\u00e5lla korrekt information om dig. I det fall du skulle uppt\u00e4cka att vi har felaktiga personuppgifter om dig s\u00e5 har du r\u00e4tt att be oss att att korrigera eller radera den felaktiga informationen.<\/p>\n<p>&nbsp;<\/p>\n<h3>R\u00e4tt till radering<\/h3>\n<p>P\u00e5 din beg\u00e4ran och i enlighet med best\u00e4mmelserna i detta avsnitt, s\u00e5 kommer vi att avsluta ditt kundkonto och s\u00e5 snart som m\u00f6jligt ta bort dina personuppgifter. Radering av uppgifter kommer att ske baserat p\u00e5 din kundstatus och i enlighet med till\u00e4mplig lag. Vi kan \u00e4ven komma att st\u00e4nga eller inaktivera konton som inte anv\u00e4nds eller konton som anv\u00e4nds i strid med v\u00e5r aff\u00e4rs\u00f6verenskommelse.<\/p>\n<p>&nbsp;<\/p>\n<h3>R\u00e4tt till dataportabilitet<\/h3>\n<p>Du har r\u00e4tt att f\u00e5 ut de personuppgifter som r\u00f6r dig som du l\u00e4mnat till oss i ett strukturerat, allm\u00e4nt anv\u00e4nt och maskinl\u00e4sbart format och har r\u00e4tt att \u00f6verf\u00f6ra dessa till en annan personuppgiftsansvarig (dataportabilitet).<\/p>\n<p>&nbsp;<\/p>\n<h3>R\u00e4tt till begr\u00e4nsning<\/h3>\n<p>Du har r\u00e4tt att n\u00e4r som helst dra tillbaka ditt medgivande g\u00e4llande anv\u00e4ndning eller utl\u00e4mnande av dina personuppgifter. Om du inte \u00f6nskar erh\u00e5lla marknadsf\u00f6ring och erbjudanden fr\u00e5n oss och\/eller v\u00e5ra aff\u00e4rspartners, ber vi dig meddela oss detta via e-post till <a href=\"mailto:info@herbertnathan.se\">info@herbertnathan.se<\/a>.<\/p>\n<p>Om du \u00e5terkallar ditt samtycke f\u00f6r anv\u00e4ndning eller utl\u00e4mnande av dina personuppgifter f\u00f6r andra \u00e4ndam\u00e5l som anges i denna Integritetspolicy, s\u00e5 kan det inneb\u00e4ra att vi inte kan forts\u00e4tta ge dig \u00e5tkomst till v\u00e5ra webbplatser och verktyg eller tillhandah\u00e5lla tj\u00e4nster och kundservice som erbjuds v\u00e5ra anv\u00e4ndare och som till\u00e5ts enligt denna Integritetspolicy.<\/p>\n<p>&nbsp;<\/p>\n<h3>Klagom\u00e5l<\/h3>\n<p>Om du inte \u00e4r n\u00f6jd med hur vi hanterar dina fr\u00e5gor har du r\u00e4tt att l\u00e4mna in ett klagom\u00e5l hos tillsynsmyndigheten f\u00f6r dataskydd i ditt land.<\/p>\n<p>&nbsp;<\/p>\n<h2>\u00c4ndringar i v\u00e5r integritetspolicy<\/h2>\n<p>Denna integritetspolicy kan komma att \u00e4ndras i framtiden om exempelvis f\u00f6r\u00e4ndringar eller lag\u00e4ndringar sker. Vi rekommenderar d\u00e4rf\u00f6r att du regelbundet l\u00e4ser v\u00e5ra villkor f\u00f6r att kunna h\u00e5lla dig uppdaterad och ta del av den senaste versionen.<\/p>\n<p>&nbsp;<\/p>\n<h2>S\u00e5 h\u00e4r kan du kontakta oss<\/h2>\n<p>Personuppgiftsansvarig f\u00f6r insamling av personuppgifter \u00e4r HerbertNathan &amp; Co, org.nr: 556763-5478, med adress Barnhusgatan 4, 111 23 Stockholm.<\/p>\n<p>Du kan kontakta oss:<\/p>\n<ul>\n<li>HerbertNathan &amp; Co AB, Barnhusgatan 4, 111 23 Stockholm<\/li>\n<li><a href=\"mailto:info@herbertnathan.se\">info@herbertnathan.se<\/a><\/li>\n<\/ul>\n","protected":false},"excerpt":{"rendered":"<p>HerbertNathan &amp; Co AB&#8217;s Integritetspolicy Varf\u00f6r skall jag l\u00e4sa denna information? Denna Integritetspolicy beskriver hur vi samlar in, anv\u00e4nder, sparar, [&hellip;]<\/p>\n","protected":false},"author":44,"featured_media":0,"parent":0,"menu_order":0,"comment_status":"closed","ping_status":"closed","template":"","meta":{"_acf_changed":false,"slim_seo":{"title":"HerbertNathan & Co AB's Integritetspolicy - HerbertNathan &amp; Co","description":"HerbertNathan &amp; Co AB's Integritetspolicy Varf\u00f6r skall jag l\u00e4sa denna information? Denna Integritetspolicy beskriver hur vi samlar in, anv\u00e4nder, sparar, l\u00e4m"},"footnotes":""},"class_list":["post-9252","page","type-page","status-publish","hentry"],"acf":[],"_links":{"self":[{"href":"https:\/\/www.herbertnathan.com\/sv\/wp-json\/wp\/v2\/pages\/9252","targetHints":{"allow":["GET"]}}],"collection":[{"href":"https:\/\/www.herbertnathan.com\/sv\/wp-json\/wp\/v2\/pages"}],"about":[{"href":"https:\/\/www.herbertnathan.com\/sv\/wp-json\/wp\/v2\/types\/page"}],"author":[{"embeddable":true,"href":"https:\/\/www.herbertnathan.com\/sv\/wp-json\/wp\/v2\/users\/44"}],"replies":[{"embeddable":true,"href":"https:\/\/www.herbertnathan.com\/sv\/wp-json\/wp\/v2\/comments?post=9252"}],"version-history":[{"count":2,"href":"https:\/\/www.herbertnathan.com\/sv\/wp-json\/wp\/v2\/pages\/9252\/revisions"}],"predecessor-version":[{"id":40614,"href":"https:\/\/www.herbertnathan.com\/sv\/wp-json\/wp\/v2\/pages\/9252\/revisions\/40614"}],"wp:attachment":[{"href":"https:\/\/www.herbertnathan.com\/sv\/wp-json\/wp\/v2\/media?parent=9252"}],"curies":[{"name":"wp","href":"https:\/\/api.w.org\/{rel}","templated":true}]}}