
{"id":990,"date":"2016-06-22T11:46:15","date_gmt":"2016-06-22T09:46:15","guid":{"rendered":"https:\/\/www.herbertnathan.com\/?page_id=990"},"modified":"2022-08-09T10:19:22","modified_gmt":"2022-08-09T08:19:22","slug":"om-herbertnathan-co","status":"publish","type":"page","link":"https:\/\/www.herbertnathan.com\/sv\/om-herbertnathan-co\/","title":{"rendered":"Om oss"},"content":{"rendered":"<p class=\"bodytext\">HerbertNathan &amp; Co \u00e4r ett frist\u00e5ende f\u00f6retag och arbetar\u00a0helt oberoende av systemleverant\u00f6rer och konsultf\u00f6retag med leverant\u00f6rsintressen och\u00a0har uteslutande fokus p\u00e5 att leverera h\u00f6g kvalitet till v\u00e5ra kunder.<\/p>\n<p>&nbsp;<\/p>\n<p>HerbertNathan &amp; Co\u2019s strategi \u00e4r att vara den ledande r\u00e5dgivaren inom omr\u00e5det Aff\u00e4rssystem och HR-system och att hj\u00e4lpa kunder att uppn\u00e5 det verksamhetsm\u00e4ssigt mest optimala resultatet i samband med investeringar g\u00e4llande aff\u00e4rssystem, Ekonomisystem, HR-system, L\u00f6nesystem och Beslutsst\u00f6d.<\/p>\n<p>&nbsp;<\/p>\n<p>Vi har sedan 2003 medverkat som r\u00e5dgivare till ett stort antal f\u00f6retag och organisationer avseende f\u00f6r\u00e4ndringar g\u00e4llande Aff\u00e4rssystem samt publicerat rapporter om marknaden f\u00f6r Aff\u00e4rssystem i Sverige, Norge och Danmark. Detta har gett oss en unik kompetens g\u00e4llande leverant\u00f6rerna och deras systeml\u00f6sningar. Ut\u00f6ver att vi medverkar som r\u00e5dgivare publicerar vi rapporter om verksamhetssystem avseende Aff\u00e4rssystem, Ekonomisystem, HR-system, L\u00f6nesystem\u00a0och CRM-system\u00a0samt medverkar i konferenser och m\u00e4ssor om verksamhetssystem i Sverige, Norge och Danmark.<\/p>\n<p>&nbsp;<\/p>\n<p>F\u00f6retaget har idag ca 20 fast anst\u00e4llda konsulter som \u00e4r f\u00f6rdelade p\u00e5 v\u00e5ra kontor i G\u00f6teborg, Stockholm och Lund.<\/p>\n","protected":false},"excerpt":{"rendered":"<p>HerbertNathan &#038; Co \u00e4r marknadsledande i Skandinavien\u00a0n\u00e4r det g\u00e4ller r\u00e5dgivning avseende Aff\u00e4rssystem, Ekonomisystem, HR-system, L\u00f6nesystem och Beslutsst\u00f6d.<br \/>\nHerbertNathan &#038; Co \u00e4r ett frist\u00e5ende f\u00f6retag och arbetar\u00a0helt oberoende av systemleverant\u00f6rer och konsultf\u00f6retag med leverant\u00f6rsintressen och\u00a0har uteslutande fokus p\u00e5 att leverera h\u00f6g kvalitet till v\u00e5ra kunder.<\/p>\n","protected":false},"author":247,"featured_media":34495,"parent":0,"menu_order":0,"comment_status":"closed","ping_status":"closed","template":"","meta":{"_acf_changed":false,"slim_seo":{"title":"Om oss - HerbertNathan &amp; Co","description":"HerbertNathan & Co \u00e4r marknadsledande i Skandinavien\u00a0n\u00e4r det g\u00e4ller r\u00e5dgivning avseende Aff\u00e4rssystem, Ekonomisystem, HR-system, L\u00f6nesystem och Beslutsst\u00f6d. Herb"},"footnotes":""},"class_list":["post-990","page","type-page","status-publish","has-post-thumbnail","hentry"],"acf":[],"_links":{"self":[{"href":"https:\/\/www.herbertnathan.com\/sv\/wp-json\/wp\/v2\/pages\/990","targetHints":{"allow":["GET"]}}],"collection":[{"href":"https:\/\/www.herbertnathan.com\/sv\/wp-json\/wp\/v2\/pages"}],"about":[{"href":"https:\/\/www.herbertnathan.com\/sv\/wp-json\/wp\/v2\/types\/page"}],"author":[{"embeddable":true,"href":"https:\/\/www.herbertnathan.com\/sv\/wp-json\/wp\/v2\/users\/247"}],"replies":[{"embeddable":true,"href":"https:\/\/www.herbertnathan.com\/sv\/wp-json\/wp\/v2\/comments?post=990"}],"version-history":[{"count":2,"href":"https:\/\/www.herbertnathan.com\/sv\/wp-json\/wp\/v2\/pages\/990\/revisions"}],"predecessor-version":[{"id":38891,"href":"https:\/\/www.herbertnathan.com\/sv\/wp-json\/wp\/v2\/pages\/990\/revisions\/38891"}],"wp:featuredmedia":[{"embeddable":true,"href":"https:\/\/www.herbertnathan.com\/sv\/wp-json\/wp\/v2\/media\/34495"}],"wp:attachment":[{"href":"https:\/\/www.herbertnathan.com\/sv\/wp-json\/wp\/v2\/media?parent=990"}],"curies":[{"name":"wp","href":"https:\/\/api.w.org\/{rel}","templated":true}]}}