
{"id":993,"date":"2016-06-22T11:47:52","date_gmt":"2016-06-22T09:47:52","guid":{"rendered":"https:\/\/www.herbertnathan.com\/?page_id=993"},"modified":"2025-09-29T11:12:27","modified_gmt":"2025-09-29T09:12:27","slug":"karriaer","status":"publish","type":"page","link":"https:\/\/www.herbertnathan.com\/sv\/om-herbertnathan-co\/karriaer\/","title":{"rendered":"Karri\u00e4r"},"content":{"rendered":"<h1 class=\"bodytext\">Arbeta hos HerbertNathan &amp; Co<\/h1>\n<h2>Vill du arbeta i ett bolag d\u00e4r din erfarenhet v\u00e4rderas \u2013 och d\u00e4r du f\u00e5r friheten att p\u00e5verka b\u00e5de uppdrag och utveckling? D\u00e5 kanske du \u00e4r v\u00e5r n\u00e4sta kollega.<\/h2>\n<p>&nbsp;<\/p>\n<p><span data-contrast=\"auto\">HerbertNathan &amp; Co \u00e4r Skandinaviens ledande oberoende r\u00e5dgivare inom verksamhetssystem. Vi hj\u00e4lper v\u00e5ra kunder att lyckas med sina investeringar i aff\u00e4rs-, HR- och l\u00f6nesystem \u2013 fr\u00e5n strategi till upphandling och implementation. V\u00e5r styrka ligger i kombinationen av djup systemkunskap, stark metodik och ett tydligt fokus p\u00e5 kundnytta.<\/span><\/p>\n<p>&nbsp;<\/p>\n<h3><\/h3>\n<h3><span lang=\"SV\">Hos oss f\u00e5r du:<\/span><\/h3>\n<ul>\n<li><strong>Verklig p\u00e5verkan.<\/strong> Du driver egna uppdrag, n\u00e4ra kundens ledning \u2013 oavsett om det g\u00e4ller ett nytt HR-system eller ett omfattande ERP-projekt.<\/li>\n<li><strong>Frihet under ansvar.<\/strong> Du planerar sj\u00e4lv ditt arbete i dialog med kund och kollegor. Vi litar p\u00e5 din f\u00f6rm\u00e5ga och v\u00e4rderar livspusslet.<\/li>\n<li><strong>Specialistgemenskap.<\/strong> Du arbetar med n\u00e5gra av Sveriges mest erfarna konsulter. H\u00e4r \u00e4r kunskapsdelning och utveckling en naturlig del av vardagen.<\/li>\n<li><strong>Leverant\u00f6rsoberoende. <\/strong>V\u00e5r r\u00e5dgivning \u00e4r helt frist\u00e5ende \u2013 vilket betyder att du alltid kan rekommendera det som \u00e4r b\u00e4st f\u00f6r kunden.<\/li>\n<li><strong><span class=\"TextRun SCXW120210549 BCX8\" lang=\"SV-SE\" xml:lang=\"SV-SE\" data-contrast=\"auto\"><span class=\"NormalTextRun SCXW120210549 BCX8\">Tillg\u00e5ng till ett starkt n\u00e4tverk.<\/span><\/span><\/strong><span class=\"TextRun SCXW120210549 BCX8\" lang=\"SV-SE\" xml:lang=\"SV-SE\" data-contrast=\"auto\"><span class=\"NormalTextRun SCXW120210549 BCX8\"> Genom v\u00e5r nordiska n\u00e4rvaro, v\u00e5ra analyser och samarbeten med systemleverant\u00f6rer har du alltid koll p\u00e5 marknaden.<\/span><\/span><span class=\"EOP SCXW120210549 BCX8\" data-ccp-props=\"{}\">\u00a0<\/span><\/li>\n<\/ul>\n<p>&nbsp;<\/p>\n<p>&nbsp;<\/p>\n<p><span data-contrast=\"auto\">G\u00e5 in p\u00e5 v\u00e5ra <a href=\"https:\/\/www.herbertnathan.com\/sv\/om-herbertnathan-co\/karriaer\/lediga-tjaenster\/\">lediga tj\u00e4nster<\/a> f\u00f6r att se vad vi s\u00f6ker just nu.<\/span><span data-ccp-props=\"{}\">\u00a0<\/span><\/p>\n<p>&nbsp;<\/p>\n<p><span data-contrast=\"auto\">Vi har kontor i <a href=\"https:\/\/www.herbertnathan.com\/sv\/offices\/stockholm\/\">Stockholm<\/a>, <a href=\"https:\/\/www.herbertnathan.com\/sv\/offices\/gothenburg\/\">G\u00f6teborg<\/a> och <a href=\"https:\/\/www.herbertnathan.com\/sv\/offices\/lund\/\">Lund<\/a> \u2013 men \u00e4r vana att samarbeta \u00f6ver b\u00e5de geografi och projektgr\u00e4nser.<\/span><span data-ccp-props=\"{}\">\u00a0<\/span><\/p>\n<p>&nbsp;<\/p>\n<p>&nbsp;<\/p>\n<p>V\u00e4lkommen till HerbertNathan &amp; Co \u2013 d\u00e4r erfarenhet m\u00f6ter framkant.<\/p>\n<p>&nbsp;<\/p>\n<p>&nbsp;<\/p>\n<p><img loading=\"lazy\" decoding=\"async\" class=\"aligncenter size-large wp-image-46663\" src=\"https:\/\/www.herbertnathan.com\/wp-content\/uploads\/2025\/09\/Bild-pa-rekryterinmgssidan-1-1180x456.png\" alt=\"Bild p\u00e5 rekryterinmgssidan (1)\" width=\"1180\" height=\"456\" srcset=\"https:\/\/www.herbertnathan.com\/wp-content\/uploads\/2025\/09\/Bild-pa-rekryterinmgssidan-1-1180x456.png 1180w, https:\/\/www.herbertnathan.com\/wp-content\/uploads\/2025\/09\/Bild-pa-rekryterinmgssidan-1-400x155.png 400w, https:\/\/www.herbertnathan.com\/wp-content\/uploads\/2025\/09\/Bild-pa-rekryterinmgssidan-1-200x77.png 200w, https:\/\/www.herbertnathan.com\/wp-content\/uploads\/2025\/09\/Bild-pa-rekryterinmgssidan-1-768x297.png 768w, https:\/\/www.herbertnathan.com\/wp-content\/uploads\/2025\/09\/Bild-pa-rekryterinmgssidan-1-1536x594.png 1536w, https:\/\/www.herbertnathan.com\/wp-content\/uploads\/2025\/09\/Bild-pa-rekryterinmgssidan-1-450x174.png 450w, https:\/\/www.herbertnathan.com\/wp-content\/uploads\/2025\/09\/Bild-pa-rekryterinmgssidan-1.png 1940w\" sizes=\"auto, (max-width: 1180px) 100vw, 1180px\" \/><\/p>\n<p>&nbsp;<\/p>\n","protected":false},"excerpt":{"rendered":"<p>Vill du jobba hos oss? Vi p\u00e5 HerbertNathan &#038; Co \u00e4r alltid intresserade av att tr\u00e4ffa dig som har praktisk erfarenhet av r\u00e5dgivning och konsultation g\u00e4llande upphandling och implementering av IT-system samt projektledning vid implementering av IT-system.<\/p>\n","protected":false},"author":247,"featured_media":20011,"parent":990,"menu_order":6,"comment_status":"closed","ping_status":"closed","template":"","meta":{"_acf_changed":false,"slim_seo":{"title":"Karri\u00e4r - HerbertNathan &amp; Co","description":"Vill du jobba hos oss? Vi p\u00e5 HerbertNathan & Co \u00e4r alltid intresserade av att tr\u00e4ffa dig som har praktisk erfarenhet av r\u00e5dgivning och konsultation g\u00e4llande upp"},"footnotes":""},"class_list":["post-993","page","type-page","status-publish","has-post-thumbnail","hentry"],"acf":[],"_links":{"self":[{"href":"https:\/\/www.herbertnathan.com\/sv\/wp-json\/wp\/v2\/pages\/993","targetHints":{"allow":["GET"]}}],"collection":[{"href":"https:\/\/www.herbertnathan.com\/sv\/wp-json\/wp\/v2\/pages"}],"about":[{"href":"https:\/\/www.herbertnathan.com\/sv\/wp-json\/wp\/v2\/types\/page"}],"author":[{"embeddable":true,"href":"https:\/\/www.herbertnathan.com\/sv\/wp-json\/wp\/v2\/users\/247"}],"replies":[{"embeddable":true,"href":"https:\/\/www.herbertnathan.com\/sv\/wp-json\/wp\/v2\/comments?post=993"}],"version-history":[{"count":18,"href":"https:\/\/www.herbertnathan.com\/sv\/wp-json\/wp\/v2\/pages\/993\/revisions"}],"predecessor-version":[{"id":46666,"href":"https:\/\/www.herbertnathan.com\/sv\/wp-json\/wp\/v2\/pages\/993\/revisions\/46666"}],"up":[{"embeddable":true,"href":"https:\/\/www.herbertnathan.com\/sv\/wp-json\/wp\/v2\/pages\/990"}],"wp:featuredmedia":[{"embeddable":true,"href":"https:\/\/www.herbertnathan.com\/sv\/wp-json\/wp\/v2\/media\/20011"}],"wp:attachment":[{"href":"https:\/\/www.herbertnathan.com\/sv\/wp-json\/wp\/v2\/media?parent=993"}],"curies":[{"name":"wp","href":"https:\/\/api.w.org\/{rel}","templated":true}]}}