
{"id":998,"date":"2016-06-22T11:50:19","date_gmt":"2016-06-22T09:50:19","guid":{"rendered":"https:\/\/www.herbertnathan.com\/?page_id=998"},"modified":"2026-01-12T14:39:21","modified_gmt":"2026-01-12T13:39:21","slug":"vara-kunder","status":"publish","type":"page","link":"https:\/\/www.herbertnathan.com\/sv\/om-herbertnathan-co\/vara-kunder\/","title":{"rendered":"V\u00e5ra kunder"},"content":{"rendered":"<h2 style=\"text-align: left;\">V\u00e5ra kunder<\/h2>\n<p style=\"text-align: left;\">HerbertNathan &amp; Co har sedan etableringen 2003 genomf\u00f6rt uppdrag hos +550 skandinaviska kunder och inom en m\u00e5ngfald av branscher. Uppdragen omfattar bland annat r\u00e5dgivning i samband med strategi, f\u00f6rstudie, nyttoanalys, upphandling och implementering av Aff\u00e4rssystem, HR-system, L\u00f6nesystem, CRM-system, BI-system samt en m\u00e5ngfald av system inom offentlig sektor vilket inkluderat sammanst\u00e4llning av kravspecifikationer, business cases, systemutv\u00e4rderingar, projektledning och f\u00f6r\u00e4ndringsledning.<\/p>\n<p style=\"text-align: left;\">Vi utg\u00e5r ifr\u00e5n v\u00e5r v\u00e4rdegrund och v\u00e5r bepr\u00f6vade metodik och l\u00e4gger stor vikt vid att v\u00e5r medverkan skall inneb\u00e4ra en markant skillnad f\u00f6r v\u00e5ra kunder vilket m\u00e5nga av v\u00e5ra n\u00f6jda kunder kan bekr\u00e4fta. Nedan l\u00e4mnar vi ett urval av v\u00e5ra genomf\u00f6rda uppdrag mellan 2008-2025.<\/p>\n","protected":false},"excerpt":{"rendered":"<p>HerbertNathan &#038; Co har genomf\u00f6rt uppdrag hos en m\u00e4ngd skandinaviska kunder inom privat och offentlig sektor. Uppdragen omfattar bland annat r\u00e5dgivning i samband med upphandling och implementering av Aff\u00e4rssystem, HR-system, L\u00f6nesystem, CRM-system, BI-system.<\/p>\n","protected":false},"author":11,"featured_media":0,"parent":990,"menu_order":3,"comment_status":"closed","ping_status":"closed","template":"","meta":{"_acf_changed":false,"slim_seo":{"title":"V\u00e5ra kunder - HerbertNathan &amp; Co","description":"HerbertNathan & Co har genomf\u00f6rt uppdrag hos en m\u00e4ngd skandinaviska kunder inom privat och offentlig sektor. Uppdragen omfattar bland annat r\u00e5dgivning i samband"},"footnotes":""},"class_list":["post-998","page","type-page","status-publish","hentry"],"acf":[],"_links":{"self":[{"href":"https:\/\/www.herbertnathan.com\/sv\/wp-json\/wp\/v2\/pages\/998","targetHints":{"allow":["GET"]}}],"collection":[{"href":"https:\/\/www.herbertnathan.com\/sv\/wp-json\/wp\/v2\/pages"}],"about":[{"href":"https:\/\/www.herbertnathan.com\/sv\/wp-json\/wp\/v2\/types\/page"}],"author":[{"embeddable":true,"href":"https:\/\/www.herbertnathan.com\/sv\/wp-json\/wp\/v2\/users\/11"}],"replies":[{"embeddable":true,"href":"https:\/\/www.herbertnathan.com\/sv\/wp-json\/wp\/v2\/comments?post=998"}],"version-history":[{"count":6,"href":"https:\/\/www.herbertnathan.com\/sv\/wp-json\/wp\/v2\/pages\/998\/revisions"}],"predecessor-version":[{"id":47269,"href":"https:\/\/www.herbertnathan.com\/sv\/wp-json\/wp\/v2\/pages\/998\/revisions\/47269"}],"up":[{"embeddable":true,"href":"https:\/\/www.herbertnathan.com\/sv\/wp-json\/wp\/v2\/pages\/990"}],"wp:attachment":[{"href":"https:\/\/www.herbertnathan.com\/sv\/wp-json\/wp\/v2\/media?parent=998"}],"curies":[{"name":"wp","href":"https:\/\/api.w.org\/{rel}","templated":true}]}}