
{"id":13893,"date":"2019-05-27T14:29:39","date_gmt":"2019-05-27T12:29:39","guid":{"rendered":"https:\/\/www.herbertnathan.com\/publications\/kurs-i-upphandling\/"},"modified":"2019-08-29T11:16:30","modified_gmt":"2019-08-29T09:16:30","slug":"kurs-i-upphandling","status":"publish","type":"product","link":"https:\/\/www.herbertnathan.com\/sv\/produkt\/kurs-i-upphandling\/","title":{"rendered":"Heldagskurs: Upphandling av Aff\u00e4rssystem &#8211; Stockholm"},"content":{"rendered":"","protected":false},"excerpt":{"rendered":"<p>Se g\u00e4llande regler f\u00f6r avbokning i Terms and Conditions under avsnittet Event ticket terms.<\/p>\n","protected":false},"featured_media":14179,"comment_status":"closed","ping_status":"closed","template":"","meta":{"_acf_changed":false,"slim_seo":{"title":"Heldagskurs: Upphandling av Aff\u00e4rssystem - Stockholm - HerbertNathan &amp; Co","description":"Se g\u00e4llande regler f\u00f6r avbokning i Terms and Conditions under avsnittet Event ticket terms."}},"product_brand":[],"product_cat":[742],"product_tag":[],"class_list":{"0":"post-13893","1":"product","2":"type-product","3":"status-publish","4":"has-post-thumbnail","6":"product_cat-okategoriserad","8":"first","9":"instock","10":"downloadable","11":"virtual","12":"taxable","13":"purchasable","14":"product-type-simple"},"acf":[],"_links":{"self":[{"href":"https:\/\/www.herbertnathan.com\/sv\/wp-json\/wp\/v2\/product\/13893","targetHints":{"allow":["GET"]}}],"collection":[{"href":"https:\/\/www.herbertnathan.com\/sv\/wp-json\/wp\/v2\/product"}],"about":[{"href":"https:\/\/www.herbertnathan.com\/sv\/wp-json\/wp\/v2\/types\/product"}],"replies":[{"embeddable":true,"href":"https:\/\/www.herbertnathan.com\/sv\/wp-json\/wp\/v2\/comments?post=13893"}],"wp:featuredmedia":[{"embeddable":true,"href":"https:\/\/www.herbertnathan.com\/sv\/wp-json\/wp\/v2\/media\/14179"}],"wp:attachment":[{"href":"https:\/\/www.herbertnathan.com\/sv\/wp-json\/wp\/v2\/media?parent=13893"}],"wp:term":[{"taxonomy":"product_brand","embeddable":true,"href":"https:\/\/www.herbertnathan.com\/sv\/wp-json\/wp\/v2\/product_brand?post=13893"},{"taxonomy":"product_cat","embeddable":true,"href":"https:\/\/www.herbertnathan.com\/sv\/wp-json\/wp\/v2\/product_cat?post=13893"},{"taxonomy":"product_tag","embeddable":true,"href":"https:\/\/www.herbertnathan.com\/sv\/wp-json\/wp\/v2\/product_tag?post=13893"}],"curies":[{"name":"wp","href":"https:\/\/api.w.org\/{rel}","templated":true}]}}