
{"id":15017,"date":"2019-06-20T11:16:06","date_gmt":"2019-06-20T09:16:06","guid":{"rendered":"https:\/\/www.herbertnathan.com\/publications\/heldagskurs-upphandling-av-hr-system-malmo\/"},"modified":"2019-10-24T13:37:16","modified_gmt":"2019-10-24T11:37:16","slug":"heldagskurs-upphandling-av-hr-system-malmo","status":"publish","type":"product","link":"https:\/\/www.herbertnathan.com\/sv\/produkt\/heldagskurs-upphandling-av-hr-system-malmo\/","title":{"rendered":"Heldagskurs: Upphandling av HR-system &#8211; Malm\u00f6"},"content":{"rendered":"","protected":false},"excerpt":{"rendered":"<p><a href=\"https:\/\/www.herbertnathan.com\/sv\/terms-and-conditions\/\">Se g\u00e4llande regler f\u00f6r avbokning i Terms and Conditions under avsnittet Event ticket terms.<\/a><\/p>\n","protected":false},"featured_media":0,"comment_status":"closed","ping_status":"closed","template":"","meta":{"_acf_changed":false,"slim_seo":{"title":"Heldagskurs: Upphandling av HR-system - Malm\u00f6 - HerbertNathan &amp; Co","description":"Se g\u00e4llande regler f\u00f6r avbokning i Terms and Conditions under avsnittet Event ticket terms."}},"product_brand":[],"product_cat":[742],"product_tag":[],"class_list":{"0":"post-15017","1":"product","2":"type-product","3":"status-publish","5":"product_cat-okategoriserad","7":"first","8":"instock","9":"virtual","10":"taxable","11":"purchasable","12":"product-type-simple"},"acf":[],"_links":{"self":[{"href":"https:\/\/www.herbertnathan.com\/sv\/wp-json\/wp\/v2\/product\/15017","targetHints":{"allow":["GET"]}}],"collection":[{"href":"https:\/\/www.herbertnathan.com\/sv\/wp-json\/wp\/v2\/product"}],"about":[{"href":"https:\/\/www.herbertnathan.com\/sv\/wp-json\/wp\/v2\/types\/product"}],"replies":[{"embeddable":true,"href":"https:\/\/www.herbertnathan.com\/sv\/wp-json\/wp\/v2\/comments?post=15017"}],"wp:attachment":[{"href":"https:\/\/www.herbertnathan.com\/sv\/wp-json\/wp\/v2\/media?parent=15017"}],"wp:term":[{"taxonomy":"product_brand","embeddable":true,"href":"https:\/\/www.herbertnathan.com\/sv\/wp-json\/wp\/v2\/product_brand?post=15017"},{"taxonomy":"product_cat","embeddable":true,"href":"https:\/\/www.herbertnathan.com\/sv\/wp-json\/wp\/v2\/product_cat?post=15017"},{"taxonomy":"product_tag","embeddable":true,"href":"https:\/\/www.herbertnathan.com\/sv\/wp-json\/wp\/v2\/product_tag?post=15017"}],"curies":[{"name":"wp","href":"https:\/\/api.w.org\/{rel}","templated":true}]}}