
{"id":1563,"date":"2016-01-13T13:40:11","date_gmt":"2016-01-13T12:40:11","guid":{"rendered":"https:\/\/www.herbertnathan.com\/product\/marketupdate-microsoft-dynamics-nav-maj-2015\/"},"modified":"2016-08-02T09:29:21","modified_gmt":"2016-08-02T07:29:21","slug":"marketupdate-microsoft-dynamics-nav-maj-2015","status":"publish","type":"product","link":"https:\/\/www.herbertnathan.com\/sv\/produkt\/marketupdate-microsoft-dynamics-nav-maj-2015\/","title":{"rendered":"MarketUpdate, Microsoft Dynamics NAV, Maj 2015"},"content":{"rendered":"<p class=\"bodytext\">Syftet med HerbertNathan &amp; Co MarketUpdate \u00e4r att ge befintliga och potentiella framtida anv\u00e4ndare av aff\u00e4rssystem en kort uppdatering om ledande leverant\u00f6rer och produkter p\u00e5 marknaden.<\/p>\n<p class=\"bodytext\">MarketUpdates baseras p\u00e5 m\u00f6ten, presentationer, intervjuer och diskussioner med h\u00f6gt uppsatta f\u00f6retr\u00e4dare f\u00f6r systemleverant\u00f6rerna och representerar HerbertNathan &amp; Co\u00b4s bed\u00f6mning av aktuella utvecklingstendenser av produkten och leverant\u00f6ren. MarketUpdates kompletterar v\u00e5ra befintliga marknadsunders\u00f6kningar och publikationer om de enskilda leverant\u00f6rerna.<\/p>\n<p class=\"bodytext\">MarketUpdates g\u00f6rs tillg\u00e4ngliga kostnadsfritt och kan laddas ner fr\u00e5n denna webbplats om du l\u00e4mnar dina kontaktuppgifter.<\/p>\n","protected":false},"excerpt":{"rendered":"<p>Syftet med HerbertNathan &amp; Co MarketUpdate \u00e4r att ge befintliga och potentiella framtida anv\u00e4ndare av aff\u00e4rssystem en kort uppdatering om [&hellip;]<\/p>\n","protected":false},"featured_media":32782,"comment_status":"closed","ping_status":"closed","template":"","meta":{"_acf_changed":false,"slim_seo":{"title":"MarketUpdate, Microsoft Dynamics NAV, Maj 2015 - HerbertNathan &amp; Co","description":"Syftet med HerbertNathan &amp; Co MarketUpdate \u00e4r att ge befintliga och potentiella framtida anv\u00e4ndare av aff\u00e4rssystem en kort uppdatering om ledande leverant\u00f6r"}},"product_brand":[],"product_cat":[250],"product_tag":[],"class_list":{"0":"post-1563","1":"product","2":"type-product","3":"status-publish","4":"has-post-thumbnail","6":"product_cat-marketupdates-sv","8":"first","9":"instock","10":"downloadable","11":"virtual","12":"product-type-simple"},"acf":[],"_links":{"self":[{"href":"https:\/\/www.herbertnathan.com\/sv\/wp-json\/wp\/v2\/product\/1563","targetHints":{"allow":["GET"]}}],"collection":[{"href":"https:\/\/www.herbertnathan.com\/sv\/wp-json\/wp\/v2\/product"}],"about":[{"href":"https:\/\/www.herbertnathan.com\/sv\/wp-json\/wp\/v2\/types\/product"}],"replies":[{"embeddable":true,"href":"https:\/\/www.herbertnathan.com\/sv\/wp-json\/wp\/v2\/comments?post=1563"}],"wp:featuredmedia":[{"embeddable":true,"href":"https:\/\/www.herbertnathan.com\/sv\/wp-json\/wp\/v2\/media\/32782"}],"wp:attachment":[{"href":"https:\/\/www.herbertnathan.com\/sv\/wp-json\/wp\/v2\/media?parent=1563"}],"wp:term":[{"taxonomy":"product_brand","embeddable":true,"href":"https:\/\/www.herbertnathan.com\/sv\/wp-json\/wp\/v2\/product_brand?post=1563"},{"taxonomy":"product_cat","embeddable":true,"href":"https:\/\/www.herbertnathan.com\/sv\/wp-json\/wp\/v2\/product_cat?post=1563"},{"taxonomy":"product_tag","embeddable":true,"href":"https:\/\/www.herbertnathan.com\/sv\/wp-json\/wp\/v2\/product_tag?post=1563"}],"curies":[{"name":"wp","href":"https:\/\/api.w.org\/{rel}","templated":true}]}}