
{"id":33345,"date":"2021-01-27T10:39:57","date_gmt":"2021-03-02T15:16:51","guid":{"rendered":"https:\/\/www.herbertnathan.com\/?post_type=product&#038;p=33345"},"modified":"2023-06-09T12:50:35","modified_gmt":"2023-06-09T10:50:35","slug":"the-cost-of-a-new-erp-system","status":"publish","type":"product","link":"https:\/\/www.herbertnathan.com\/sv\/produkt\/the-cost-of-a-new-erp-system\/","title":{"rendered":"The cost of a new ERP system"},"content":{"rendered":"<h1><strong>The cost of a new ERP system<\/strong><\/h1>\n<h3>\u2013 An independent benchmark analysis of the costs of implementing an ERP system in Scandinavia<\/h3>\n<p>&nbsp;<\/p>\n<p>Ladda ner v\u00e5r unika benchmarkrapport inneh\u00e5llande en \u00f6versikt \u00f6ver de kostnader som direkt relaterar till att implementera ett nytt aff\u00e4rssystem i Skandinavien.<\/p>\n<p>&nbsp;<\/p>\n<h4><span style=\"color: #e18b4b;\">En oberoende analys<\/span><\/h4>\n<p>Rapporten \u00e4r en 100% oberoende analys av data fr\u00e5n 200 offererade anbud fr\u00e5n aff\u00e4rssystemsleverant\u00f6rer p\u00e5 den Skandinaviska marknaden.<\/p>\n<p>&nbsp;<\/p>\n<h4><span style=\"color: #e18b4b;\">En unik \u00f6versikt \u00f6ver de kostnader som kommer med att inf\u00f6ra ett nytt ERP system<\/span><\/h4>\n<p>Inneh\u00e5llet i denna rapport bygger p\u00e5 en analys av 200 kostnadsanbud fr\u00e5n \u00f6ver 80 olika aff\u00e4rssystemsupphandlingar genomf\u00f6rda av HerbertNathan &amp; Co de senaste \u00e5ren. Rapporten \u00e4r ett utm\u00e4rkt verktyg f\u00f6r organisationer och verksamheter som har f\u00f6r avsikt att upphandla ett nytt aff\u00e4rssystem och\/eller \u00f6nskar f\u00e5 ett hum om de ungef\u00e4rliga kostnaderna f\u00f6r att implementera ett nytt aff\u00e4rssystem. Som l\u00e4sare b\u00f6r man dock vara medveten om att det \u00e4r ett flertal kostnader relaterade till att implementera ett nytt aff\u00e4rssystem som \u00e4r exkluderade ur denna rapport (som t.ex. kostnader f\u00f6r interna resurser och integrationskostnader fr\u00e5n 3:e parts leverant\u00f6rer).<\/p>\n<p>&nbsp;<\/p>\n<h4><span style=\"color: #e18b4b;\">Rapporten ger dig kunskap<\/span><\/h4>\n<p class=\"bodytext\">Rapporten ger dig en \u00f6versikt \u00f6ver den genomsnittliga kostnaden f\u00f6r en aff\u00e4rssystemsimplementation, samt den genomsnittliga kostnaden f\u00f6r licenser. Den ger ocks\u00e5 en bild av implementations- och licenskostnader \u00f6ver en 5-\u00e5rs period. Rapporten inneh\u00e5ller m\u00e4ngder av intressant data fr\u00e5n HerbertNathan &amp; Co&#8217;s benchmark databas, detaljer kring leveransmodeller och priss\u00e4ttningsmodeller samt goda r\u00e5d r\u00f6rande kostnader relaterade till en aff\u00e4rssystemsimplementation och drift.<\/p>\n<p>I rapporten finns\u00a0specifik information om f\u00f6ljande delar:<\/p>\n<ul>\n<li>Huvudsakliga kostnadsdrivare vid en aff\u00e4rssystemsimplementation<\/li>\n<li>Vad den genomsnittliga kostnaden per anv\u00e4ndare \u00e4r och \u00e4ven den genomsnittliga kostnaden i f\u00f6rh\u00e5llande till oms\u00e4ttningen<\/li>\n<li>Den genomsnittliga implemenktationskostnaden<\/li>\n<li>En \u00f6verblick \u00f6ver systemleverant\u00f6rernas genomsnittliga konsultkostnader per timme<\/li>\n<li>Den genomsnittliga totala kostnaden \u00f6ver 5 \u00e5r<\/li>\n<li>En j\u00e4mf\u00f6relse av kostnader mellan olika brancher<\/li>\n<li>En j\u00e4mf\u00f6relse av kostnader mellan olika aff\u00e4rssystem<\/li>\n<\/ul>\n<p>&nbsp;<\/p>\n<h4><span style=\"color: #e18b4b;\">Ladda ner ditt kostnadsfria exemplar av rapporten<\/span><\/h4>\n<p>V\u00e4nligen fyll i dina kontaktuppgifter i formul\u00e4ret nedan och skicka in s\u00e5 f\u00e5r du inom ett par minuter ett mail med en l\u00e4nk f\u00f6r att ladda ner rapporten i PDF-format.<\/p>\n<p><code><script charset=\"utf-8\" type=\"text\/javascript\" src=\"\/\/js.hsforms.net\/forms\/embed\/v2.js\"><\/script><br \/>\n<script>\n  hbspt.forms.create({\n    region: \"na1\",\n    portalId: \"19838267\",\n    formId: \"5193460d-5f30-4cfa-9579-019203249ded\"\n  });\n<\/script><\/code><\/p>\n","protected":false},"excerpt":{"rendered":"<p>Denna rapport ger en \u00f6verblick \u00f6ver genomsnittliga kostnader relaterade till att implementera ett nytt aff\u00e4rssystem i Skandinavien.<\/p>\n","protected":false},"featured_media":33341,"comment_status":"closed","ping_status":"closed","template":"","meta":{"_acf_changed":false,"slim_seo":{"title":"The cost of a new ERP system - HerbertNathan &amp; Co","description":"Denna rapport ger en \u00f6verblick \u00f6ver genomsnittliga kostnader relaterade till att implementera ett nytt aff\u00e4rssystem i Skandinavien."}},"product_brand":[],"product_cat":[207],"product_tag":[],"class_list":{"0":"post-33345","1":"product","2":"type-product","3":"status-publish","4":"has-post-thumbnail","6":"product_cat-marknadsanalyser","8":"first","9":"instock","10":"downloadable","11":"virtual","12":"product-type-simple"},"acf":[],"_links":{"self":[{"href":"https:\/\/www.herbertnathan.com\/sv\/wp-json\/wp\/v2\/product\/33345","targetHints":{"allow":["GET"]}}],"collection":[{"href":"https:\/\/www.herbertnathan.com\/sv\/wp-json\/wp\/v2\/product"}],"about":[{"href":"https:\/\/www.herbertnathan.com\/sv\/wp-json\/wp\/v2\/types\/product"}],"replies":[{"embeddable":true,"href":"https:\/\/www.herbertnathan.com\/sv\/wp-json\/wp\/v2\/comments?post=33345"}],"wp:featuredmedia":[{"embeddable":true,"href":"https:\/\/www.herbertnathan.com\/sv\/wp-json\/wp\/v2\/media\/33341"}],"wp:attachment":[{"href":"https:\/\/www.herbertnathan.com\/sv\/wp-json\/wp\/v2\/media?parent=33345"}],"wp:term":[{"taxonomy":"product_brand","embeddable":true,"href":"https:\/\/www.herbertnathan.com\/sv\/wp-json\/wp\/v2\/product_brand?post=33345"},{"taxonomy":"product_cat","embeddable":true,"href":"https:\/\/www.herbertnathan.com\/sv\/wp-json\/wp\/v2\/product_cat?post=33345"},{"taxonomy":"product_tag","embeddable":true,"href":"https:\/\/www.herbertnathan.com\/sv\/wp-json\/wp\/v2\/product_tag?post=33345"}],"curies":[{"name":"wp","href":"https:\/\/api.w.org\/{rel}","templated":true}]}}