
{"id":35607,"date":"2021-09-13T14:04:11","date_gmt":"2021-09-13T12:04:11","guid":{"rendered":"https:\/\/www.herbertnathan.com\/publications\/kostnadsfritt-utdrag-ur-rapporten-hcm-systems-in-norway\/"},"modified":"2021-09-13T14:25:59","modified_gmt":"2021-09-13T12:25:59","slug":"kostnadsfritt-utdrag-ur-rapporten-hcm-systems-in-norway","status":"publish","type":"product","link":"https:\/\/www.herbertnathan.com\/sv\/produkt\/kostnadsfritt-utdrag-ur-rapporten-hcm-systems-in-norway\/","title":{"rendered":"Kostnadsfritt utdrag ur rapporten &#8211; HCM systems in Norway"},"content":{"rendered":"<p>F\u00f6r att du skall kunna bilda dig en uppfattning om rapportens omfattning och inneh\u00e5ll har du m\u00f6jlighet att best\u00e4lla ett kostnadsfritt utdrag ur rapportens inledande kapitel, som bland annat omfattar:<\/p>\n<ul>\n<li>Inneh\u00e5llsf\u00f6rteckning<\/li>\n<li>Kapitel 1 \u2013 About Devoteam<\/li>\n<li>Kapitel 2 \u2013 Introduction<\/li>\n<li>Delar av kapitel 3 \u2013 About this report<\/li>\n<\/ul>\n<p>Rapporten \u00e4r skriven p\u00e5 engelska.<\/p>\n<p>Registrera dina kontaktuppgifter i ovanst\u00e5ende formul\u00e4r s\u00e5 skickas\u00a0en PDF-l\u00e4nk till angiven e-post,\u00a0inom ett par minuter.<\/p>\n<p>Vi hoppas att utdraget ur rapporten motsvarar dina f\u00f6rv\u00e4ntningar\u00a0och leder till en best\u00e4llning av den fullst\u00e4ndiga rapporten s\u00e5 sm\u00e5ningom.<\/p>\n","protected":false},"excerpt":{"rendered":"<p>F\u00f6r att du skall kunna bilda dig en uppfattning om rapportens omfattning och inneh\u00e5ll har du m\u00f6jlighet att best\u00e4lla ett [&hellip;]<\/p>\n","protected":false},"featured_media":35604,"comment_status":"closed","ping_status":"closed","template":"","meta":{"_acf_changed":false,"slim_seo":{"title":"Kostnadsfritt utdrag ur rapporten - HCM systems in Norway - HerbertNathan &amp; Co","description":"F\u00f6r att du skall kunna bilda dig en uppfattning om rapportens omfattning och inneh\u00e5ll har du m\u00f6jlighet att best\u00e4lla ett kostnadsfritt utdrag ur rapportens inled"}},"product_brand":[],"product_cat":[742],"product_tag":[],"class_list":{"0":"post-35607","1":"product","2":"type-product","3":"status-publish","4":"has-post-thumbnail","6":"product_cat-okategoriserad","8":"first","9":"instock","10":"downloadable","11":"virtual","12":"product-type-simple"},"acf":[],"_links":{"self":[{"href":"https:\/\/www.herbertnathan.com\/sv\/wp-json\/wp\/v2\/product\/35607","targetHints":{"allow":["GET"]}}],"collection":[{"href":"https:\/\/www.herbertnathan.com\/sv\/wp-json\/wp\/v2\/product"}],"about":[{"href":"https:\/\/www.herbertnathan.com\/sv\/wp-json\/wp\/v2\/types\/product"}],"replies":[{"embeddable":true,"href":"https:\/\/www.herbertnathan.com\/sv\/wp-json\/wp\/v2\/comments?post=35607"}],"wp:featuredmedia":[{"embeddable":true,"href":"https:\/\/www.herbertnathan.com\/sv\/wp-json\/wp\/v2\/media\/35604"}],"wp:attachment":[{"href":"https:\/\/www.herbertnathan.com\/sv\/wp-json\/wp\/v2\/media?parent=35607"}],"wp:term":[{"taxonomy":"product_brand","embeddable":true,"href":"https:\/\/www.herbertnathan.com\/sv\/wp-json\/wp\/v2\/product_brand?post=35607"},{"taxonomy":"product_cat","embeddable":true,"href":"https:\/\/www.herbertnathan.com\/sv\/wp-json\/wp\/v2\/product_cat?post=35607"},{"taxonomy":"product_tag","embeddable":true,"href":"https:\/\/www.herbertnathan.com\/sv\/wp-json\/wp\/v2\/product_tag?post=35607"}],"curies":[{"name":"wp","href":"https:\/\/api.w.org\/{rel}","templated":true}]}}