
{"id":38186,"date":"2022-03-21T08:25:54","date_gmt":"2022-03-28T08:14:57","guid":{"rendered":"https:\/\/www.herbertnathan.com\/?post_type=product&#038;p=38186"},"modified":"2026-03-26T12:16:47","modified_gmt":"2026-03-26T11:16:47","slug":"learning-management-systems-in-scandinavia","status":"publish","type":"product","link":"https:\/\/www.herbertnathan.com\/sv\/produkt\/learning-management-systems-in-scandinavia\/","title":{"rendered":"Learning Management Systems in Scandinavia"},"content":{"rendered":"<h1><strong>Learning Management Systems in Scandinavia<\/strong><\/h1>\n<h3><\/h3>\n<p>&nbsp;<\/p>\n<p><strong>Learning Management Systems in Scandinavia<\/strong> <span class=\"TextRun BCX0 SCXW218725928\" lang=\"SV-SE\" xml:lang=\"SV-SE\" data-contrast=\"auto\"><span class=\"NormalTextRun BCX0 SCXW218725928\" data-ccp-parastyle=\"Normal (Web)\">\u00e4r<\/span><span class=\"NormalTextRun BCX0 SCXW218725928\" data-ccp-parastyle=\"Normal (Web)\"> en unik <\/span><span class=\"NormalTextRun BCX0 SCXW218725928\" data-ccp-parastyle=\"Normal (Web)\">analys av den <\/span><\/span><span class=\"TextRun BCX0 SCXW218725928\" lang=\"SV-SE\" xml:lang=\"SV-SE\" data-contrast=\"auto\"><span class=\"NormalTextRun BCX0 SCXW218725928\" data-ccp-parastyle=\"Normal (Web)\">skandinaviska<\/span><\/span><span class=\"TextRun BCX0 SCXW218725928\" lang=\"SV-SE\" xml:lang=\"SV-SE\" data-contrast=\"auto\"><span class=\"NormalTextRun BCX0 SCXW218725928\" data-ccp-parastyle=\"Normal (Web)\"> marknaden f\u00f6r<\/span><span class=\"NormalTextRun BCX0 SCXW218725928\" data-ccp-parastyle=\"Normal (Web)\"> system inom l\u00e4rande <\/span><span class=\"NormalTextRun BCX0 SCXW218725928\" data-ccp-parastyle=\"Normal (Web)\">och <\/span><span class=\"NormalTextRun BCX0 SCXW218725928\" data-ccp-parastyle=\"Normal (Web)\">dess <\/span><span class=\"NormalTextRun BCX0 SCXW218725928\" data-ccp-parastyle=\"Normal (Web)\">leverant\u00f6r<\/span><span class=\"NormalTextRun BCX0 SCXW218725928\" data-ccp-parastyle=\"Normal (Web)\">er<\/span><span class=\"NormalTextRun BCX0 SCXW218725928\" data-ccp-parastyle=\"Normal (Web)\">.<\/span><span class=\"NormalTextRun BCX0 SCXW218725928\" data-ccp-parastyle=\"Normal (Web)\"> P\u00e5 vardagsspr\u00e5k kallas dessa system ofta f\u00f6r <\/span><span class=\"SpellingError BCX0 SCXW218725928\" data-ccp-parastyle=\"Normal (Web)\">l\u00e4rplattformar<\/span><span class=\"NormalTextRun BCX0 SCXW218725928\" data-ccp-parastyle=\"Normal (Web)\"> eller kort och gott LMS.\u00a0<\/span><\/span><\/p>\n<p>&nbsp;<\/p>\n<p><code><iframe loading=\"lazy\" title=\"YouTube video player\" src=\"https:\/\/www.youtube.com\/embed\/lzsqBHsTrlU?rel=0\" width=\"560\" height=\"315\" frameborder=\"0\" allowfullscreen=\"allowfullscreen\"><span data-mce-type=\"bookmark\" style=\"display: inline-block; width: 0px; overflow: hidden; line-height: 0;\" class=\"mce_SELRES_start\">\ufeff<\/span><\/iframe><\/code><\/p>\n<p>&nbsp;<\/p>\n<h4><\/h4>\n<h4><span style=\"color: #e18b4b;\">En oberoende analys<\/span><\/h4>\n<p>Denna rapport \u00e4r en 100% oberoende analys av de ledande leverant\u00f6rerna och systemen inom Learning Management p\u00e5 den skandinaviska LMS-marknaden. HerbertNathan &amp; Co har inga kopplingar till systemleverant\u00f6rerna eller dess produkter. Den analys och de r\u00e5d som denna rapport ger \u00e4r enbart fokuserade p\u00e5 att st\u00f6tta l\u00e4saren i sitt beslutsfattande, utifr\u00e5n de behov som finns i dennes organisation.<\/p>\n<p>&nbsp;<\/p>\n<h4><span style=\"color: #e18b4b;\"><span class=\"TextRun SCXW93567706 BCX0\" lang=\"SV-SE\" xml:lang=\"SV-SE\" data-contrast=\"none\"><span class=\"NormalTextRun SCXW93567706 BCX0\" data-ccp-parastyle=\"heading 4\">En unik \u00f6versikt \u00f6ver system f\u00f6r l\u00e4rande p\u00e5 den<\/span><span class=\"NormalTextRun SCXW93567706 BCX0\" data-ccp-parastyle=\"heading 4\"> s<\/span><span class=\"NormalTextRun SCXW93567706 BCX0\" data-ccp-parastyle=\"heading 4\">kandinaviska marknaden<\/span><\/span><\/span><\/h4>\n<p>\u00c4ntligen \u00e4r det m\u00f6jligt att f\u00e5 en \u00f6verblick \u00f6ver den skandinaviska marknaden med denna unika, marknadsanalys. Rapporten \u00e4r ett utm\u00e4rkt verktyg f\u00f6r de organisationer och verksamheter som st\u00e5r <span class=\"TextRun SCXW237702402 BCX0\" lang=\"SV-SE\" xml:lang=\"SV-SE\" data-contrast=\"none\"><span class=\"NormalTextRun SCXW237702402 BCX0\" data-ccp-parastyle=\"bodytext\">inf\u00f6r att utveckla sitt l\u00e4rande<\/span><span class=\"NormalTextRun SCXW237702402 BCX0\" data-ccp-parastyle=\"bodytext\"> och inf\u00f6ra systemst\u00f6d som st\u00f6djer l\u00e4randestrategin.<\/span><\/span> Rapporten kan med f\u00f6rdel anv\u00e4ndas f\u00f6r att utv\u00e4rdera och j\u00e4mf\u00f6ra system p\u00e5 marknaden, konkurrensuts\u00e4tta ett befintligt system, st\u00e4lla krav p\u00e5 ett nytt system samt f\u00f6r att f\u00e5 tips och r\u00e5d inf\u00f6r upphandlingen.<\/p>\n<p>&nbsp;<\/p>\n<h4><span style=\"color: #e18b4b;\">Rapporten ger dig kunskap<\/span><\/h4>\n<p>Denna rapport ger dig en \u00f6versikt \u00f6ver de mest tongivande LMS-leverant\u00f6rerna och systemen p\u00e5 den skandinaviska marknaden. <span class=\"NormalTextRun SCXW59298117 BCX0\" data-ccp-parastyle=\"Normal (Web)\">F<\/span><span class=\"NormalTextRun SCXW59298117 BCX0\" data-ccp-parastyle=\"Normal (Web)\">\u00f6rutom renodlade LMS leverant\u00f6rer<\/span> har vi \u00e4ven inkluderat utvalda HCM-leverant\u00f6rer som m\u00e5nga st\u00f6rre organisationer anv\u00e4nder idag f\u00f6r att st\u00f6dja sitt l\u00e4rande.<\/p>\n<p><span data-contrast=\"none\">Rapporten ger d\u00e4rmed en unik insikt i hur marknaden f\u00f6r l\u00e4rplattformar har utvecklats, fakta om produkterna och leverant\u00f6rerna, produkternas anv\u00e4ndning av den senaste teknologin samt goda r\u00e5d relaterade till att inf\u00f6rskaffa ett nytt LMS.<\/span><span data-ccp-props=\"{&quot;134233117&quot;:true,&quot;134233118&quot;:true,&quot;201341983&quot;:0,&quot;335559740&quot;:240}\">\u00a0<\/span><\/p>\n<p>&nbsp;<\/p>\n<p><span data-contrast=\"none\">I rapporten finns\u00a0specifik information om f\u00f6ljande delar:<\/span><span data-ccp-props=\"{&quot;134233117&quot;:true,&quot;134233118&quot;:true,&quot;201341983&quot;:0,&quot;335559740&quot;:240}\">\u00a0<\/span><\/p>\n<ul>\n<li><span data-contrast=\"none\">Om transformation av l\u00e4rande p\u00e5 arbetsplatser<\/span><span data-ccp-props=\"{&quot;134233117&quot;:true,&quot;134233118&quot;:true,&quot;201341983&quot;:0,&quot;335559739&quot;:160,&quot;335559740&quot;:240}\">\u00a0<\/span><\/li>\n<li><span data-contrast=\"none\">De senaste trenderna inom som p\u00e5verkar l\u00e4rande och system<\/span><span data-ccp-props=\"{&quot;134233117&quot;:true,&quot;134233118&quot;:true,&quot;201341983&quot;:0,&quot;335559739&quot;:160,&quot;335559740&quot;:240}\">\u00a0<\/span><\/li>\n<li><span data-contrast=\"none\">En \u00f6versikt \u00f6ver LMS-marknaden i skandinavien och \u00f6ver 17 av de mest tongivande systemen f\u00f6r l\u00e4rande<\/span><span data-ccp-props=\"{&quot;134233117&quot;:true,&quot;134233118&quot;:true,&quot;201341983&quot;:0,&quot;335559739&quot;:160,&quot;335559740&quot;:240}\"> i Skandinavien<\/span><\/li>\n<li><span data-contrast=\"none\">V\u00e4gledning vid urval och upphandling av ett LMS<\/span><span data-ccp-props=\"{&quot;134233117&quot;:true,&quot;134233118&quot;:true,&quot;201341983&quot;:0,&quot;335559739&quot;:160,&quot;335559740&quot;:240}\">\u00a0<\/span><\/li>\n<\/ul>\n<p>&nbsp;<\/p>\n<h4><span style=\"color: #e18b4b;\">Best\u00e4ll rapporten idag<\/span><\/h4>\n<p aria-level=\"4\"><span data-contrast=\"none\"><span class=\"TextRun SCXW236102048 BCX0\" lang=\"SV-SE\" xml:lang=\"SV-SE\" data-contrast=\"none\"><span class=\"NormalTextRun SCXW236102048 BCX0\" data-ccp-parastyle=\"Normal (Web)\">Rapporten kan best\u00e4llas, b\u00e5de som digital utg\u00e5va (fri tillg\u00e5ng f\u00f6r hela ditt f\u00f6retag) och som tryckt utg\u00e5va.<\/span><\/span><span class=\"LineBreakBlob BlobObject DragDrop SCXW236102048 BCX0\"><span class=\"SCXW236102048 BCX0\">\u00a0<\/span><\/span><\/span><\/p>\n<p aria-level=\"4\">Du kan \u00e4ven ladda ner ett kostnadsfritt utdrag ur rapporten.<span data-contrast=\"none\"><span class=\"EOP SCXW236102048 BCX0\" data-ccp-props=\"{&quot;134233117&quot;:true,&quot;134233118&quot;:true,&quot;201341983&quot;:0,&quot;335559740&quot;:240}\">\u00a0<\/span><\/span><\/p>\n","protected":false},"excerpt":{"rendered":"<p>En unik, oberoende analys och marknads\u00f6versikt \u00f6ver Learning management (LMS)system\u202fp\u00e5 den skandinaviska marknaden<\/p>\n","protected":false},"featured_media":38811,"comment_status":"closed","ping_status":"closed","template":"","meta":{"_acf_changed":false,"slim_seo":{"title":"Learning Management Systems in Scandinavia - HerbertNathan &amp; Co","description":"En unik, oberoende analys och marknads\u00f6versikt \u00f6ver Learning management (LMS)system\u202fp\u00e5 den skandinaviska marknaden"}},"product_brand":[],"product_cat":[207],"product_tag":[],"class_list":{"0":"post-38186","1":"product","2":"type-product","3":"status-publish","4":"has-post-thumbnail","6":"product_cat-marknadsanalyser","8":"first","9":"instock","10":"featured","11":"sold-individually","12":"taxable","13":"shipping-taxable","14":"purchasable","15":"product-type-variable","16":"has-default-attributes"},"acf":[],"_links":{"self":[{"href":"https:\/\/www.herbertnathan.com\/sv\/wp-json\/wp\/v2\/product\/38186","targetHints":{"allow":["GET"]}}],"collection":[{"href":"https:\/\/www.herbertnathan.com\/sv\/wp-json\/wp\/v2\/product"}],"about":[{"href":"https:\/\/www.herbertnathan.com\/sv\/wp-json\/wp\/v2\/types\/product"}],"replies":[{"embeddable":true,"href":"https:\/\/www.herbertnathan.com\/sv\/wp-json\/wp\/v2\/comments?post=38186"}],"wp:featuredmedia":[{"embeddable":true,"href":"https:\/\/www.herbertnathan.com\/sv\/wp-json\/wp\/v2\/media\/38811"}],"wp:attachment":[{"href":"https:\/\/www.herbertnathan.com\/sv\/wp-json\/wp\/v2\/media?parent=38186"}],"wp:term":[{"taxonomy":"product_brand","embeddable":true,"href":"https:\/\/www.herbertnathan.com\/sv\/wp-json\/wp\/v2\/product_brand?post=38186"},{"taxonomy":"product_cat","embeddable":true,"href":"https:\/\/www.herbertnathan.com\/sv\/wp-json\/wp\/v2\/product_cat?post=38186"},{"taxonomy":"product_tag","embeddable":true,"href":"https:\/\/www.herbertnathan.com\/sv\/wp-json\/wp\/v2\/product_tag?post=38186"}],"curies":[{"name":"wp","href":"https:\/\/api.w.org\/{rel}","templated":true}]}}