
{"id":40684,"date":"2023-04-20T16:41:51","date_gmt":"2023-04-20T14:41:51","guid":{"rendered":"https:\/\/www.herbertnathan.com\/publications\/learning-management-systems-in-scandinavia-copy\/"},"modified":"2026-02-13T12:42:31","modified_gmt":"2026-02-13T11:42:31","slug":"erp-systems-in-scandinavia","status":"publish","type":"product","link":"https:\/\/www.herbertnathan.com\/sv\/produkt\/erp-systems-in-scandinavia\/","title":{"rendered":"ERP systems in Scandinavia"},"content":{"rendered":"<h1><strong>ERP systems in Scandinavia<\/strong><\/h1>\n<h3><strong>Theme: \u201cThe transition to composable ERP system services&#8221;<\/strong><\/h3>\n<p>&nbsp;<\/p>\n<p><strong>ERP systems in Scandinavia<\/strong>\u00a0<span class=\"TextRun BCX0 SCXW218725928\" lang=\"SV-SE\" xml:lang=\"SV-SE\" data-contrast=\"auto\"><span class=\"NormalTextRun BCX0 SCXW218725928\" data-ccp-parastyle=\"Normal (Web)\">\u00e4r<\/span><\/span> v\u00e5r senaste analys av den svenska, norska och danska marknaden f\u00f6r aff\u00e4rssystem och dess leverant\u00f6rer.<\/p>\n<p>&nbsp;<\/p>\n<p><code><\/code><\/p>\n<h4><\/h4>\n<h4><span style=\"color: #e18b4b;\">Uppt\u00e4ck den skandinaviska ERP-marknaden med v\u00e5r oberoende analys<\/span><\/h4>\n<p>V\u00e5r senaste rapport ger dig en unik \u00f6versikt \u00f6ver de mest tongivande leverant\u00f6rerna och systemen inom den svenska, norska och danska aff\u00e4rssystemsmarknaden. Vi har genomf\u00f6rt en helt oberoende analys, d\u00e4r du f\u00e5r tillg\u00e5ng till insikter och kunskap om 26\u00a0 aff\u00e4rssystem p\u00e5 den skandinaviska marknaden, med fokus p\u00e5 medelstora till stora organisationer.<\/p>\n<p>&nbsp;<\/p>\n<p>&nbsp;<\/p>\n<h4><span style=\"color: #e18b4b;\">F\u00e5 v\u00e4gledning vid val av aff\u00e4rssystem<\/span><\/h4>\n<p>Rapporten \u00e4r ett utm\u00e4rkt verktyg f\u00f6r de organisationer och verksamheter som avser att s\u00f6ka information om och\/eller k\u00f6pa ett nytt aff\u00e4rssystem.<\/p>\n<p>Rapporten ger dig \u00e4ven insikt i aktuella trender inom ERP och utg\u00f6r en solid grund inf\u00f6r valet av nytt aff\u00e4rssystem.<\/p>\n<p>&nbsp;<\/p>\n<p>&nbsp;<\/p>\n<h4><span style=\"color: #e18b4b;\"><span class=\"TextRun SCXW93567706 BCX0\" lang=\"SV-SE\" xml:lang=\"SV-SE\" data-contrast=\"none\"><span class=\"NormalTextRun SCXW93567706 BCX0\" data-ccp-parastyle=\"heading 4\">En unik \u00f6versikt \u00f6ver de ledande aff\u00e4rssystemen p\u00e5 den<\/span><span class=\"NormalTextRun SCXW93567706 BCX0\" data-ccp-parastyle=\"heading 4\"> s<\/span><span class=\"NormalTextRun SCXW93567706 BCX0\" data-ccp-parastyle=\"heading 4\">kandinaviska marknaden<\/span><\/span><\/span><\/h4>\n<p>Rapporten redovisar aktuella leverant\u00f6rer och system inom ERP f\u00f6r den svenska, norska och danska marknaden, inkluderande strategier, fakta och uppgifter, verksamhetsprocesser, trender och goda r\u00e5d.<\/p>\n<p><span data-contrast=\"none\">I rapporten finns\u00a0specifik information om f\u00f6ljande delar:<\/span><span data-ccp-props=\"{&quot;134233117&quot;:true,&quot;134233118&quot;:true,&quot;201341983&quot;:0,&quot;335559740&quot;:240}\">\u00a0<\/span><\/p>\n<p>&nbsp;<\/p>\n<ul>\n<li>Aktuella p\u00e5verkansfaktorer och trender r\u00f6rande aff\u00e4rssystem<\/li>\n<li>Detaljerad beskrivning av aff\u00e4rssystemsmarknaden och 26 av de mest tongivande aff\u00e4rssystemen p\u00e5 den Skandinaviska marknaden<\/li>\n<li>Fakta om leverant\u00f6rerna, produkterna, m\u00e5lgrupperna<\/li>\n<li>Styrkor och svagheter f\u00f6r respektive system<\/li>\n<\/ul>\n<p>&nbsp;<\/p>\n<p>&nbsp;<\/p>\n<h4><span style=\"color: #e18b4b;\">Best\u00e4ll rapporten idag<\/span><\/h4>\n<p><span data-contrast=\"none\"><span class=\"TextRun SCXW236102048 BCX0\" lang=\"SV-SE\" xml:lang=\"SV-SE\" data-contrast=\"none\"><span class=\"NormalTextRun SCXW236102048 BCX0\" data-ccp-parastyle=\"Normal (Web)\">Rapporten kan best\u00e4llas, b\u00e5de som digital utg\u00e5va (fri tillg\u00e5ng f\u00f6r hela ditt f\u00f6retag) och som tryckt utg\u00e5va.<\/span><\/span><span class=\"LineBreakBlob BlobObject DragDrop SCXW236102048 BCX0\"><span class=\"SCXW236102048 BCX0\">\u00a0<\/span><\/span><\/span><\/p>\n<p>Best\u00e4ll idag och ta del av v\u00e4rdefulla insikter som hj\u00e4lper din organisation att ta b\u00e4ttre beslut.<\/p>\n","protected":false},"excerpt":{"rendered":"<p>En oberoende analys av aff\u00e4rssystem p\u00e5 den Skandinaviska marknaden. Riktar sig fr\u00e4mst till medelstora och stora f\u00f6retag.<\/p>\n","protected":false},"featured_media":40685,"comment_status":"closed","ping_status":"closed","template":"","meta":{"_acf_changed":false,"slim_seo":{"title":"ERP systems in Scandinavia - HerbertNathan &amp; Co","description":"En oberoende analys av aff\u00e4rssystem p\u00e5 den Skandinaviska marknaden. Riktar sig fr\u00e4mst till medelstora och stora f\u00f6retag."}},"product_brand":[],"product_cat":[207],"product_tag":[],"class_list":{"0":"post-40684","1":"product","2":"type-product","3":"status-publish","4":"has-post-thumbnail","6":"product_cat-marknadsanalyser","8":"first","9":"instock","10":"featured","11":"taxable","12":"shipping-taxable","13":"purchasable","14":"product-type-variable","15":"has-default-attributes"},"acf":[],"_links":{"self":[{"href":"https:\/\/www.herbertnathan.com\/sv\/wp-json\/wp\/v2\/product\/40684","targetHints":{"allow":["GET"]}}],"collection":[{"href":"https:\/\/www.herbertnathan.com\/sv\/wp-json\/wp\/v2\/product"}],"about":[{"href":"https:\/\/www.herbertnathan.com\/sv\/wp-json\/wp\/v2\/types\/product"}],"replies":[{"embeddable":true,"href":"https:\/\/www.herbertnathan.com\/sv\/wp-json\/wp\/v2\/comments?post=40684"}],"wp:featuredmedia":[{"embeddable":true,"href":"https:\/\/www.herbertnathan.com\/sv\/wp-json\/wp\/v2\/media\/40685"}],"wp:attachment":[{"href":"https:\/\/www.herbertnathan.com\/sv\/wp-json\/wp\/v2\/media?parent=40684"}],"wp:term":[{"taxonomy":"product_brand","embeddable":true,"href":"https:\/\/www.herbertnathan.com\/sv\/wp-json\/wp\/v2\/product_brand?post=40684"},{"taxonomy":"product_cat","embeddable":true,"href":"https:\/\/www.herbertnathan.com\/sv\/wp-json\/wp\/v2\/product_cat?post=40684"},{"taxonomy":"product_tag","embeddable":true,"href":"https:\/\/www.herbertnathan.com\/sv\/wp-json\/wp\/v2\/product_tag?post=40684"}],"curies":[{"name":"wp","href":"https:\/\/api.w.org\/{rel}","templated":true}]}}