
{"id":42547,"date":"2024-01-30T14:33:41","date_gmt":"2024-01-30T13:33:41","guid":{"rendered":"https:\/\/www.herbertnathan.com\/product\/the-cost-of-a-new-erp-system-copy\/"},"modified":"2024-05-03T10:46:10","modified_gmt":"2024-05-03T08:46:10","slug":"praktisk-guide-for-hallbarhetsrapporteringen","status":"publish","type":"product","link":"https:\/\/www.herbertnathan.com\/sv\/produkt\/praktisk-guide-for-hallbarhetsrapporteringen\/","title":{"rendered":"EU-direktivet CSRD och standarden ESRS S1 Den egna arbetskraften"},"content":{"rendered":"<h1><strong>EU-direktivet CSRD och standarden ESRS S1 Den egna arbetskraften<\/strong><\/h1>\n<h3>\u2013 <strong>en praktisk guide f\u00f6r HR i h\u00e5llbarhetsrapporteringen<\/strong><\/h3>\n<p>&nbsp;<\/p>\n<p>Ladda ner din handbok om CSRD och ESRS S1 Den egna arbetskraften, f\u00f6r att komma ig\u00e5ng med er h\u00e5llbarhetsrapportering.<\/p>\n<p>&nbsp;<\/p>\n<p>&nbsp;<\/p>\n<h4><span style=\"color: #e18b4b;\">En praktisk guide f\u00f6r er h\u00e5llbarhetsrapportering<\/span><\/h4>\n<p>HerbertNathan &amp; Co har tagit fram denna praktiska guide med syfte att ge dig som l\u00e4sare \u00f6vergripande kunskap om EU-direktivet Corporate Sustainability Reporting Directive (CSRD) och hur du till\u00e4mpar rapporteringsstandarden ESRS S1 Den egna arbetskraften. Informationen bygger p\u00e5 EFRAGs dokument Draft European Sustainability Reporting Standard \u2013 ESRS S1 Own Workforce, 2022.<\/p>\n<p>&nbsp;<\/p>\n<p><span class=\"ui-provider ed bku bkv bkw bkx bky bkz bla blb blc bld ble blf blg blh bli blj blk bll blm bln blo blp blq blr bls blt blu blv blw blx bly blz bma bmb\" dir=\"ltr\">I rapporten hittar du allt du beh\u00f6ver veta om det nya EU-direktivet f\u00f6r h\u00e5llbarhetsrapportering, inklusive viktiga datum f\u00f6r utrullning av Corporate Sustainability Reporting Directive (CSRD) samt de nya standarderna f\u00f6r h\u00e5llbarhetsrapportering, European Sustainability Reporting Standards (ESRS).\u00a0<\/span> Du f\u00e5r ocks\u00e5 en beskrivning av ESRS S1, som kr\u00e4ver att f\u00f6retag rapporterar om sin arbetskraft, samt information om kravet p\u00e5 dubbel v\u00e4sentlighetsanalys.<\/p>\n<p>&nbsp;<\/p>\n<p>F\u00f6r att hj\u00e4lpa dig att f\u00f6rbereda och komma ig\u00e5ng med din rapportering\u00a0 ger vi dig ocks\u00e5 en \u00f6versikt \u00f6ver vilken data som beh\u00f6vs f\u00f6r att uppfylla kraven i det nya EU-direktivet f\u00f6r h\u00e5llbarhetsrapportering, samt konkreta f\u00f6rslag p\u00e5 l\u00e4mpliga steg fram\u00e5t.<\/p>\n<p>&nbsp;<\/p>\n<p>&nbsp;<\/p>\n<h4><span style=\"color: #e18b4b;\">Rapporten inneh\u00e5ller f\u00f6ljande kapitel:<\/span><\/h4>\n<h5>1. Introduktion<\/h5>\n<h5>2. Nytt EU-direktiv f\u00f6r h\u00e5llbarhetsrapportering<\/h5>\n<h5>3. Viktiga datum f\u00f6r utrullning av CSRD<\/h5>\n<h5>4. ESRS &#8211; nya standarder f\u00f6r h\u00e5llbarhetsrapportering<\/h5>\n<h5>5. ESRS S1 &#8211; Rapportera kring den egna arbetskraften<\/h5>\n<h5>6. Kravet p\u00e5 dubbel v\u00e4sentlighetsanalys<\/h5>\n<h5>7. F\u00f6rbered er rapportering med r\u00e4tt data<\/h5>\n<h5>8. Om HerbertNathan &amp; Co<\/h5>\n<p>&nbsp;<\/p>\n<h4><\/h4>\n<h4><span style=\"color: #e18b4b;\">De stora bolagen har krav p\u00e5 datainsamling redan under 2024<\/span><\/h4>\n<p>Corporate Sustainability Reporting Directive (CSRD) ers\u00e4tter fr\u00e5n och med 2024 det befintliga EU-direktivet Non-financial reporting directive (NFRD) och implementeras successivt utifr\u00e5n f\u00f6retagsstorlek och organisationstyp med start fr\u00e5n r\u00e4kenskaps\u00e5ret 2024. Detta inneb\u00e4r att vissa f\u00f6retag och organisationer f\u00f6rv\u00e4ntas p\u00e5b\u00f6rja sin datainsamling redan nu under 2024, f\u00f6r att 2025 kunna l\u00e4mna en fullst\u00e4ndig h\u00e5llbarhetsrapport. Rapporten ger dig koll p\u00e5 vilka datum som g\u00e4ller f\u00f6r er organisation.<\/p>\n<p>&nbsp;<\/p>\n<p>&nbsp;<\/p>\n<h4><span style=\"color: #e18b4b;\">Ladda <\/span><span style=\"color: #e18b4b;\">ner ditt kostnadsfria exemplar av rapporten<\/span><span style=\"color: #e18b4b;\"> idag!<\/span><\/h4>\n<p>V\u00e4nligen fyll i dina kontaktuppgifter i formul\u00e4ret nedan och skicka in s\u00e5 f\u00e5r du inom ett par minuter ett mail med en l\u00e4nk f\u00f6r att ladda ner rapporten i PDF-format.<\/p>\n<p><code><script charset=\"utf-8\" type=\"text\/javascript\" src=\"\/\/js.hsforms.net\/forms\/embed\/v2.js\"><\/script><br \/>\n<script>\n  hbspt.forms.create({\n    region: \"na1\",\n    portalId: \"19838267\",\n    formId: \"c06fef96-e972-4690-b196-db16c5f4b7fe\"\n  });\n<\/script><\/code><\/p>\n","protected":false},"excerpt":{"rendered":"<p><span style=\"color: #e18b4b;\"><strong>Ladda ner kostnadsfritt:<\/strong><\/span><\/p>\n<p>Ladda ner din handbok om CSRD och ESRS S1 Den egna arbetskraften, f\u00f6r att komma ig\u00e5ng med er h\u00e5llbarhetsrapportering.<\/p>\n<p>&nbsp;<\/p>\n","protected":false},"featured_media":42548,"comment_status":"closed","ping_status":"closed","template":"","meta":{"_acf_changed":false,"slim_seo":{"title":"EU-direktivet CSRD och standarden ESRS S1 Den egna arbetskraften - HerbertNathan &amp; Co","description":"Ladda ner kostnadsfritt: Ladda ner din handbok om CSRD och ESRS S1 Den egna arbetskraften, f\u00f6r att komma ig\u00e5ng med er h\u00e5llbarhetsrapportering. &nbsp;"}},"product_brand":[],"product_cat":[207],"product_tag":[2792,2793,2794,2795,2799],"class_list":{"0":"post-42547","1":"product","2":"type-product","3":"status-publish","4":"has-post-thumbnail","6":"product_cat-marknadsanalyser","7":"product_tag-hallbarhetsredovisning","8":"product_tag-hallbarhetsrapportering","9":"product_tag-csrd","10":"product_tag-esrs","11":"product_tag-esrs-s1","13":"first","14":"instock","15":"downloadable","16":"virtual","17":"product-type-simple"},"acf":[],"_links":{"self":[{"href":"https:\/\/www.herbertnathan.com\/sv\/wp-json\/wp\/v2\/product\/42547","targetHints":{"allow":["GET"]}}],"collection":[{"href":"https:\/\/www.herbertnathan.com\/sv\/wp-json\/wp\/v2\/product"}],"about":[{"href":"https:\/\/www.herbertnathan.com\/sv\/wp-json\/wp\/v2\/types\/product"}],"replies":[{"embeddable":true,"href":"https:\/\/www.herbertnathan.com\/sv\/wp-json\/wp\/v2\/comments?post=42547"}],"wp:featuredmedia":[{"embeddable":true,"href":"https:\/\/www.herbertnathan.com\/sv\/wp-json\/wp\/v2\/media\/42548"}],"wp:attachment":[{"href":"https:\/\/www.herbertnathan.com\/sv\/wp-json\/wp\/v2\/media?parent=42547"}],"wp:term":[{"taxonomy":"product_brand","embeddable":true,"href":"https:\/\/www.herbertnathan.com\/sv\/wp-json\/wp\/v2\/product_brand?post=42547"},{"taxonomy":"product_cat","embeddable":true,"href":"https:\/\/www.herbertnathan.com\/sv\/wp-json\/wp\/v2\/product_cat?post=42547"},{"taxonomy":"product_tag","embeddable":true,"href":"https:\/\/www.herbertnathan.com\/sv\/wp-json\/wp\/v2\/product_tag?post=42547"}],"curies":[{"name":"wp","href":"https:\/\/api.w.org\/{rel}","templated":true}]}}