
{"id":42938,"date":"2024-03-27T16:13:01","date_gmt":"2024-03-27T15:13:01","guid":{"rendered":"https:\/\/www.herbertnathan.com\/?post_type=product&#038;p=42938"},"modified":"2026-02-12T15:03:14","modified_gmt":"2026-02-12T14:03:14","slug":"lonesystem-i-sverige","status":"publish","type":"product","link":"https:\/\/www.herbertnathan.com\/sv\/produkt\/lonesystem-i-sverige\/","title":{"rendered":"L\u00f6nesystem i Sverige"},"content":{"rendered":"<h1><strong>L\u00f6nesystem i Sverige<\/strong><\/h1>\n<h3><strong>Tema: \u201cAutomatisering och teknologisk innovation f\u00f6r effektiv l\u00f6neadministration&#8221;<\/strong><\/h3>\n<p>&nbsp;<\/p>\n<p><strong>L\u00f6nesystem i Sverige<\/strong>\u00a0<span class=\"TextRun BCX0 SCXW218725928\" lang=\"SV-SE\" xml:lang=\"SV-SE\" data-contrast=\"auto\"><span class=\"NormalTextRun BCX0 SCXW218725928\" data-ccp-parastyle=\"Normal (Web)\">\u00e4r<\/span><\/span> v\u00e5r senaste analys av den svenska marknaden f\u00f6r l\u00f6nesystem och dess leverant\u00f6rer.<\/p>\n<p>&nbsp;<\/p>\n<p><code><\/code><\/p>\n<h4><\/h4>\n<h4><span style=\"color: #e18b4b;\">Uppt\u00e4ck den svenska L\u00f6nesystemsmarknaden med v\u00e5r oberoende analys<\/span><\/h4>\n<p>V\u00e5r senaste rapport ger dig en unik \u00f6versikt \u00f6ver de mest tongivande leverant\u00f6rerna och systemen inom den svenska l\u00f6nesystemsmarknaden. Vi har genomf\u00f6rt en helt oberoende analys, d\u00e4r du f\u00e5r tillg\u00e5ng till insikter och kunskap om 18\u00a0 l\u00f6nesystem med fokus p\u00e5 sm\u00e5, medelstora och stora organisationer.<\/p>\n<p>&nbsp;<\/p>\n<p>&nbsp;<\/p>\n<h4><span style=\"color: #e18b4b;\">F\u00e5 v\u00e4gledning vid val och implementation av L\u00f6nesystem<\/span><\/h4>\n<p>Rapporten \u00e4r ett utm\u00e4rkt verktyg f\u00f6r de organisationer och verksamheter som avser att s\u00f6ka information om och\/eller k\u00f6pa ett nytt l\u00f6nesystem.<\/p>\n<p>Rapporten ger dig \u00e4ven insikt i aktuella trender inom L\u00f6n och utg\u00f6r en solid grund inf\u00f6r valet av nytt l\u00f6nesystem tillsammans med ett goda r\u00e5d r\u00f6rande implementation och f\u00f6r\u00e4ndringsledning.<\/p>\n<p>&nbsp;<\/p>\n<p>&nbsp;<\/p>\n<h4><span style=\"color: #e18b4b;\"><span class=\"TextRun SCXW93567706 BCX0\" lang=\"SV-SE\" xml:lang=\"SV-SE\" data-contrast=\"none\"><span class=\"NormalTextRun SCXW93567706 BCX0\" data-ccp-parastyle=\"heading 4\">En unik \u00f6versikt \u00f6ver de ledande L\u00f6nesystemen p\u00e5 den<\/span><span class=\"NormalTextRun SCXW93567706 BCX0\" data-ccp-parastyle=\"heading 4\"> svensk<\/span><span class=\"NormalTextRun SCXW93567706 BCX0\" data-ccp-parastyle=\"heading 4\">a marknaden<\/span><\/span><\/span><\/h4>\n<p>Rapporten redovisar aktuella leverant\u00f6rer och system inom L\u00f6n, inkluderande strategier, fakta och uppgifter, verksamhetsprocesser, trender och goda r\u00e5d r\u00f6rande implementationen.<\/p>\n<p><span data-contrast=\"none\">I rapporten finns\u00a0specifik information om f\u00f6ljande delar:<\/span><span data-ccp-props=\"{&quot;134233117&quot;:true,&quot;134233118&quot;:true,&quot;201341983&quot;:0,&quot;335559740&quot;:240}\">\u00a0<\/span><\/p>\n<p>&nbsp;<\/p>\n<ul>\n<li>Aktuella p\u00e5verkansfaktorer och trender r\u00f6rande L\u00f6n<\/li>\n<li>Detaljerad beskrivning av l\u00f6nesystemsmarknaden och 18 av de mest tongivande l\u00f6nesystemen p\u00e5 den svenska marknaden<\/li>\n<li>Fakta om leverant\u00f6rerna, produkterna, m\u00e5lgrupperna<\/li>\n<li>Styrkor och svagheter f\u00f6r respektive system<\/li>\n<\/ul>\n<p>&nbsp;<\/p>\n<p>&nbsp;<\/p>\n<h4><span style=\"color: #e18b4b;\"><span class=\"TextRun SCXW93567706 BCX0\" lang=\"SV-SE\" xml:lang=\"SV-SE\" data-contrast=\"none\"><span class=\"NormalTextRun SCXW93567706 BCX0\" data-ccp-parastyle=\"heading 4\">H\u00f6r mer om rapportens inneh\u00e5ll i L\u00f6nepodden:<\/span><\/span><\/span><\/h4>\n<p><code><iframe loading=\"lazy\" style=\"border-radius: 12px;\" src=\"https:\/\/open.spotify.com\/embed\/episode\/5BUMtYTctpNnJVlO2r4cn6?utm_source=generator&amp;t=200\" width=\"100%\" height=\"152\" frameborder=\"0\" allowfullscreen=\"allowfullscreen\"><\/iframe><\/code><\/p>\n","protected":false},"excerpt":{"rendered":"<p>En oberoende analys av L\u00f6nesystem p\u00e5 den svenska marknaden. Riktar sig till sm\u00e5, medelstora och stora bolag.<\/p>\n","protected":false},"featured_media":43280,"comment_status":"closed","ping_status":"closed","template":"","meta":{"_acf_changed":false,"slim_seo":{"title":"L\u00f6nesystem i Sverige - HerbertNathan &amp; Co","description":"En oberoende analys av L\u00f6nesystem p\u00e5 den svenska marknaden. Riktar sig till sm\u00e5, medelstora och stora bolag."}},"product_brand":[],"product_cat":[207],"product_tag":[],"class_list":{"0":"post-42938","1":"product","2":"type-product","3":"status-publish","4":"has-post-thumbnail","6":"product_cat-marknadsanalyser","8":"first","9":"instock","10":"featured","11":"taxable","12":"shipping-taxable","13":"purchasable","14":"product-type-variable","15":"has-default-attributes"},"acf":[],"_links":{"self":[{"href":"https:\/\/www.herbertnathan.com\/sv\/wp-json\/wp\/v2\/product\/42938","targetHints":{"allow":["GET"]}}],"collection":[{"href":"https:\/\/www.herbertnathan.com\/sv\/wp-json\/wp\/v2\/product"}],"about":[{"href":"https:\/\/www.herbertnathan.com\/sv\/wp-json\/wp\/v2\/types\/product"}],"replies":[{"embeddable":true,"href":"https:\/\/www.herbertnathan.com\/sv\/wp-json\/wp\/v2\/comments?post=42938"}],"wp:featuredmedia":[{"embeddable":true,"href":"https:\/\/www.herbertnathan.com\/sv\/wp-json\/wp\/v2\/media\/43280"}],"wp:attachment":[{"href":"https:\/\/www.herbertnathan.com\/sv\/wp-json\/wp\/v2\/media?parent=42938"}],"wp:term":[{"taxonomy":"product_brand","embeddable":true,"href":"https:\/\/www.herbertnathan.com\/sv\/wp-json\/wp\/v2\/product_brand?post=42938"},{"taxonomy":"product_cat","embeddable":true,"href":"https:\/\/www.herbertnathan.com\/sv\/wp-json\/wp\/v2\/product_cat?post=42938"},{"taxonomy":"product_tag","embeddable":true,"href":"https:\/\/www.herbertnathan.com\/sv\/wp-json\/wp\/v2\/product_tag?post=42938"}],"curies":[{"name":"wp","href":"https:\/\/api.w.org\/{rel}","templated":true}]}}