
{"id":46388,"date":"2025-09-09T16:14:19","date_gmt":"2025-09-09T14:14:19","guid":{"rendered":"https:\/\/www.herbertnathan.com\/?post_type=product&#038;p=46388"},"modified":"2025-09-16T08:59:33","modified_gmt":"2025-09-16T06:59:33","slug":"system-for-tid-schemalaggning-och-bemanning-for-sveriges-kommuner-och-regioner","status":"publish","type":"product","link":"https:\/\/www.herbertnathan.com\/sv\/produkt\/system-for-tid-schemalaggning-och-bemanning-for-sveriges-kommuner-och-regioner\/","title":{"rendered":"System f\u00f6r tid, schemal\u00e4ggning och bemanning f\u00f6r Sveriges kommuner och regioner"},"content":{"rendered":"<h1><strong>System f\u00f6r tid, schemal\u00e4ggning och bemanning f\u00f6r Sveriges kommuner och regioner<\/strong><\/h1>\n<h3>\u2013 V\u00e4gen till en effektivare arbetskraftsplanering och b\u00e4ttre regelefterlevnad med st\u00f6d av moderna system<br \/>\nf\u00f6r tid, schemal\u00e4ggning och bemanning<\/h3>\n<p>&nbsp;<\/p>\n<p>Inom den svenska offentliga sektorn, s\u00e4rskilt hos kommuner och regioner, f\u00f6religger ett omfattande behov av avancerade och v\u00e4lintegrerade systeml\u00f6sningar f\u00f6r att hantera processerna som relaterar till tid-registrering, schemal\u00e4ggning och bemanningsplanering. Behovet \u00e4r s\u00e4rskilt p\u00e5tagligt inom verksamhetsomr\u00e5den med h\u00f6g personal-intensitet och komplexa planeringskrav, s\u00e5som v\u00e5rd och omsorg inom regioner, samt kommunala f\u00f6rvaltningar s\u00e5som skola, \u00e4ldreomsorg, hemtj\u00e4nst och LSS.<\/p>\n<p>&nbsp;<\/p>\n<p>System inom tid, schemal\u00e4ggning och bemanning \u00e4r centrala verktyg f\u00f6r att hantera arbetstid, optimera anv\u00e4ndningen av personalresurser och s\u00e4kerst\u00e4lla att verksamheten uppfyller g\u00e4llande regelverk. N\u00e4r dessa system anv\u00e4nds p\u00e5 ett genomt\u00e4nkt och strategiskt s\u00e4tt kan de inte bara bidra till \u00f6kad organisatorisk effektivitet, utan \u00e4ven till skapandet av en mer r\u00e4ttvis, h\u00e5llbar och h\u00e4lsofr\u00e4mjande arbetsmilj\u00f6.<\/p>\n<p>&nbsp;<\/p>\n<p>Ladda ner HerbertNathan &amp; Co\u00b4s senaste white paper f\u00f6r att l\u00e4sa mer om systemmarknaden f\u00f6r tid, schemal\u00e4ggning och bemanning.<\/p>\n<p>&nbsp;<\/p>\n<p>&nbsp;<\/p>\n<h4><span style=\"color: #e18b4b;\">En praktisk guide f\u00f6r effektiv hantering av tid, schema och bemanning inom offentlig sektor<\/span><\/h4>\n<p><strong>&#8221;System f\u00f6r tid, schemal\u00e4ggning och bemanning f\u00f6r Sveriges kommuner och regioner&#8221; <\/strong>ger en omfattande bild av hur moderna system f\u00f6r tid, schemal\u00e4ggning och bemanning kan effektivisera personalplanering, f\u00f6rb\u00e4ttra regelefterlevnad och st\u00e4rka arbetsmilj\u00f6n inom offentlig sektor.<\/p>\n<p>&nbsp;<\/p>\n<p>Rapporten ger en f\u00f6rst\u00e5else f\u00f6r skillnaden mellan\u00a0 tidssystem, schemal\u00e4ggningssystem och bemanningssystem och \u00e4ven de processer som f\u00f6rekommer inom tid, schemal\u00e4ggning och bemanning. Du f\u00e5r en \u00f6verblick \u00f6ver de marknadsakt\u00f6rer som finns inom ramen f\u00f6r systemst\u00f6d inom tid, schemal\u00e4ggning och bemanning och en f\u00f6rst\u00e5else f\u00f6r hur den intensifierade konkurrenssituationen som nu syns p\u00e5 denna marknad, st\u00e4ller kommuner och regioner inf\u00f6r viktiga strategiska v\u00e4gval vid upphandling och implementering av framtidens systeml\u00f6sningar.<\/p>\n<p>&nbsp;<\/p>\n<p>Marknadsanalysen riktar sig fr\u00e4mst till dig som \u00e4r beslutsfattare inom en kommun eller region och belyser b\u00e5de strategiska och tekniska aspekter av systemst\u00f6d f\u00f6r personalekonomi, schemahantering och bemanningsekonomi. Guiden inkluderar tips och r\u00e5d inf\u00f6r upphandling och implementation med fokus p\u00e5 kravspecifikationen, integrationsm\u00f6jligheterna samt den l\u00e5ngsiktig strategin f\u00f6r hur system och processer ska samverka.<\/p>\n<p>&nbsp;<\/p>\n<p>&nbsp;<\/p>\n<h4><span style=\"color: #e18b4b;\">Rapporten inneh\u00e5ller f\u00f6ljande kapitel:<\/span><\/h4>\n<h5>1. Introduktion<\/h5>\n<h5>2. Effekten av moderna och \u00e4ndam\u00e5lsenliga system<\/h5>\n<h5>3. Definitioner av system och processer<\/h5>\n<h5>4. Systemmarknaden inom tid, schemal\u00e4ggning och bemanning<\/h5>\n<h5>5. Betydelsen av integrerade system- och processfl\u00f6den<\/h5>\n<h5>6. Kravst\u00e4llning av system f\u00f6r tid, schemal\u00e4ggning och bemanning<\/h5>\n<h5>7. Om HerbertNathan &amp; Co<\/h5>\n<p>&nbsp;<\/p>\n<p>&nbsp;<\/p>\n<h4><span style=\"color: #e18b4b;\">Ladda <\/span><span style=\"color: #e18b4b;\">ner ditt kostnadsfria exemplar av rapporten<\/span><span style=\"color: #e18b4b;\"> idag!<\/span><\/h4>\n<p>V\u00e4nligen fyll i dina kontaktuppgifter i formul\u00e4ret nedan och skicka in s\u00e5 f\u00e5r du inom ett par minuter ett mail med en l\u00e4nk f\u00f6r att ladda ner rapporten i PDF-format.<\/p>\n<p><code><script charset=\"utf-8\" type=\"text\/javascript\" src=\"\/\/js.hsforms.net\/forms\/embed\/v2.js\"><\/script><br \/>\n<script>\n  hbspt.forms.create({\n    portalId: \"19838267\",\n    formId: \"65399139-e83f-4e58-ade4-0b91f552acde\",\n    region: \"na1\"\n  });\n<\/script><\/code><\/p>\n","protected":false},"excerpt":{"rendered":"<p><span style=\"color: #e18b4b;\"><strong>Ladda ner kostnadsfritt:<\/strong><\/span><\/p>\n<p>En guide till tid- och bemanningssystem f\u00f6r offentlig sektor, fullmatat med insikter om schemahantering, personalekonomi och effektiv bemanning.<\/p>\n<p>&nbsp;<\/p>\n","protected":false},"featured_media":46389,"comment_status":"closed","ping_status":"closed","template":"","meta":{"_acf_changed":false,"slim_seo":{"title":"System f\u00f6r tid, schemal\u00e4ggning och bemanning f\u00f6r Sveriges kommuner och regioner - HerbertNathan &amp; Co","description":"Ladda ner kostnadsfritt: En guide till tid- och bemanningssystem f\u00f6r offentlig sektor, fullmatat med insikter om schemahantering, personalekonomi och effektiv b"}},"product_brand":[],"product_cat":[207],"product_tag":[2988,2989,2990],"class_list":{"0":"post-46388","1":"product","2":"type-product","3":"status-publish","4":"has-post-thumbnail","6":"product_cat-marknadsanalyser","7":"product_tag-tid-och-bemanningssystem","8":"product_tag-tid-och-schemalaggningssystem","9":"product_tag-bemanningsekonomi","11":"first","12":"instock","13":"downloadable","14":"virtual","15":"product-type-simple"},"acf":[],"_links":{"self":[{"href":"https:\/\/www.herbertnathan.com\/sv\/wp-json\/wp\/v2\/product\/46388","targetHints":{"allow":["GET"]}}],"collection":[{"href":"https:\/\/www.herbertnathan.com\/sv\/wp-json\/wp\/v2\/product"}],"about":[{"href":"https:\/\/www.herbertnathan.com\/sv\/wp-json\/wp\/v2\/types\/product"}],"replies":[{"embeddable":true,"href":"https:\/\/www.herbertnathan.com\/sv\/wp-json\/wp\/v2\/comments?post=46388"}],"wp:featuredmedia":[{"embeddable":true,"href":"https:\/\/www.herbertnathan.com\/sv\/wp-json\/wp\/v2\/media\/46389"}],"wp:attachment":[{"href":"https:\/\/www.herbertnathan.com\/sv\/wp-json\/wp\/v2\/media?parent=46388"}],"wp:term":[{"taxonomy":"product_brand","embeddable":true,"href":"https:\/\/www.herbertnathan.com\/sv\/wp-json\/wp\/v2\/product_brand?post=46388"},{"taxonomy":"product_cat","embeddable":true,"href":"https:\/\/www.herbertnathan.com\/sv\/wp-json\/wp\/v2\/product_cat?post=46388"},{"taxonomy":"product_tag","embeddable":true,"href":"https:\/\/www.herbertnathan.com\/sv\/wp-json\/wp\/v2\/product_tag?post=46388"}],"curies":[{"name":"wp","href":"https:\/\/api.w.org\/{rel}","templated":true}]}}