
{"id":46929,"date":"2025-10-20T13:55:02","date_gmt":"2025-10-20T11:55:02","guid":{"rendered":"https:\/\/www.herbertnathan.com\/product\/the-state-of-erp-and-agentic-ai\/"},"modified":"2026-02-16T18:14:21","modified_gmt":"2026-02-16T17:14:21","slug":"the-state-of-erp-and-agentic-ai","status":"publish","type":"product","link":"https:\/\/www.herbertnathan.com\/sv\/produkt\/the-state-of-erp-and-agentic-ai\/","title":{"rendered":"The state of ERP and agentic AI"},"content":{"rendered":"<h1>The state of ERP and agentic AI<\/h1>\n<h3>&#8211; How AI is reshaping the ERP software Industry<\/h3>\n<p>&nbsp;<\/p>\n<p>&#8221;The State of ERP and Agentic AI&#8221; \u00e4r en oberoende marknadsanalys som utvecklats i samarbete mellan HerbertNathan &amp; Co (Sverige) och HNCO (Danmark).<\/p>\n<p><span class=\"jCAhz ChMk0b\"><span class=\"ryNqvb\">Detta whitepaper ger en tydlig och strukturerad \u00f6versikt \u00f6ver hur AI p\u00e5verkar ERP-branschen.<\/span><\/span> <span class=\"jCAhz ChMk0b\"><span class=\"ryNqvb\">Baserat p\u00e5 en analys och dialog med 12 ERP-leverant\u00f6rer, aktiva p\u00e5 den skandinaviska marknaden f\u00f6r medelstora och stora f\u00f6retag, beskriver den det nuvarande l\u00e4get f\u00f6r AI-anv\u00e4ndning bland dessa leverant\u00f6rer.<\/span><\/span><\/p>\n<p>&nbsp;<\/p>\n<p>&nbsp;<\/p>\n<h4><span style=\"color: #e18b4b;\">Viktiga insikter fr\u00e5n rapporten:<\/span><\/h4>\n<ul>\n<li>En modell f\u00f6r att utv\u00e4rdera AI-mognad i ERP-system, strukturerad i tre niv\u00e5er: Assisterad, F\u00f6rst\u00e4rkt och Autonom AI<\/li>\n<li>En kartl\u00e4ggning av 58 AI-funktioner, grupperade i 13 kategorier och utv\u00e4rderade hos 12 ERP-leverant\u00f6rer<\/li>\n<li>Insikt i hur ERP-leverant\u00f6rer integrerar AI i sina ERP-system, inklusive rollbaserade assistenter och workflow automation<\/li>\n<li>Trender inom AI-implementering inom branscher som Tillverkning, Finans och Tj\u00e4nstesektorn<\/li>\n<li>En guide i sex steg f\u00f6r organisationer som vill\u00a0 inf\u00f6ra AI i sina ERP-milj\u00f6er<\/li>\n<li>En sammanfattning av regelefterlevnad, inklusive viktiga punkter fr\u00e5n EU AI Act<\/li>\n<\/ul>\n<p>&nbsp;<\/p>\n<p>&nbsp;<\/p>\n<h4><span style=\"color: #e18b4b;\">Vem riktar den sig till?<\/span><\/h4>\n<p>Rapporten \u00e4r avsedd f\u00f6r beslutsfattare, IT-chefer, Ekonomichefer och ERP-programledare i medelstora och stora organisationer som planerar eller redan har implementerat anv\u00e4ndningen av AI i sitt aff\u00e4rssystem.<\/p>\n<p>&nbsp;<\/p>\n<p>&nbsp;<\/p>\n<h4><span style=\"color: #e18b4b;\">Ladda ner rapporten idag:<\/span><\/h4>\n<p>Fyll i formul\u00e4ret nedan f\u00f6r att f\u00e5 rapporten som PDF via e-post inom n\u00e5gra minuter.<\/p>\n<p><code><code><script charset=\"utf-8\" type=\"text\/javascript\" src=\"\/\/js.hsforms.net\/forms\/embed\/v2.js\"><\/script><br \/>\n<script>\n  hbspt.forms.create({\n    portalId: \"19838267\",\n    formId: \"b203f66a-8d87-4efd-bc75-76f974e7e20f\",\n    region: \"na1\"\n  });\n<\/script><\/code><\/code><\/p>\n<p>&nbsp;<\/p>\n<h4><span class=\"TextRun SCXW93567706 BCX0\" lang=\"SV-SE\" style=\"color: #e18b4b;\" xml:lang=\"SV-SE\" data-contrast=\"none\"><span class=\"NormalTextRun SCXW93567706 BCX0\" data-ccp-parastyle=\"heading 4\">H\u00f6r mer om rapportinneh\u00e5llet i detta webinar:<\/span><\/span><\/h4>\n<p><a href=\"https:\/\/www.herbertnathan.com\/sv\/event\/erp-ai-fran-hype-till-affarsvarde\/\"><img loading=\"lazy\" decoding=\"async\" class=\"alignnone wp-image-46924 size-medium\" src=\"https:\/\/www.herbertnathan.com\/wp-content\/uploads\/2025\/09\/Webinar-11-ERP-and-AI-swedish-alt.-2-400x267.png\" alt=\"Webinar erp and ai\" width=\"400\" height=\"267\" srcset=\"https:\/\/www.herbertnathan.com\/wp-content\/uploads\/2025\/09\/Webinar-11-ERP-and-AI-swedish-alt.-2-400x267.png 400w, https:\/\/www.herbertnathan.com\/wp-content\/uploads\/2025\/09\/Webinar-11-ERP-and-AI-swedish-alt.-2-1180x787.png 1180w, https:\/\/www.herbertnathan.com\/wp-content\/uploads\/2025\/09\/Webinar-11-ERP-and-AI-swedish-alt.-2-200x133.png 200w, https:\/\/www.herbertnathan.com\/wp-content\/uploads\/2025\/09\/Webinar-11-ERP-and-AI-swedish-alt.-2-768x512.png 768w, https:\/\/www.herbertnathan.com\/wp-content\/uploads\/2025\/09\/Webinar-11-ERP-and-AI-swedish-alt.-2-450x300.png 450w, https:\/\/www.herbertnathan.com\/wp-content\/uploads\/2025\/09\/Webinar-11-ERP-and-AI-swedish-alt.-2.png 1200w\" sizes=\"auto, (max-width: 400px) 100vw, 400px\" \/><\/a><\/p>\n<p><a href=\"https:\/\/www.herbertnathan.com\/sv\/event\/erp-ai-fran-hype-till-affarsvarde\/\">ERP &amp; AI \u2013 Fr\u00e5n hype till aff\u00e4rsv\u00e4rde \u2013 HerbertNathan &amp; Co<\/a><\/p>\n","protected":false},"excerpt":{"rendered":"<p><span style=\"color: #e18b4b;\"><strong>Ladda ner kostnadsfritt:<\/strong><\/span><\/p>\n<p>En \u00f6versikt \u00f6ver hur AI p\u00e5verkar aff\u00e4rssystemsmarknaden och hur l\u00e5ngt ledande leverant\u00f6rer har kommit n\u00e4r det g\u00e4ller att integrera AI i sina produkter.<\/p>\n","protected":false},"featured_media":46882,"comment_status":"closed","ping_status":"closed","template":"","meta":{"_acf_changed":false,"slim_seo":{"title":"The state of ERP and agentic AI - HerbertNathan &amp; Co","description":"Ladda ner kostnadsfritt: En \u00f6versikt \u00f6ver hur AI p\u00e5verkar aff\u00e4rssystemsmarknaden och hur l\u00e5ngt ledande leverant\u00f6rer har kommit n\u00e4r det g\u00e4ller att integrera AI i"}},"product_brand":[],"product_cat":[207],"product_tag":[],"class_list":{"0":"post-46929","1":"product","2":"type-product","3":"status-publish","4":"has-post-thumbnail","6":"product_cat-marknadsanalyser","8":"first","9":"instock","10":"downloadable","11":"virtual","12":"product-type-simple"},"acf":[],"_links":{"self":[{"href":"https:\/\/www.herbertnathan.com\/sv\/wp-json\/wp\/v2\/product\/46929","targetHints":{"allow":["GET"]}}],"collection":[{"href":"https:\/\/www.herbertnathan.com\/sv\/wp-json\/wp\/v2\/product"}],"about":[{"href":"https:\/\/www.herbertnathan.com\/sv\/wp-json\/wp\/v2\/types\/product"}],"replies":[{"embeddable":true,"href":"https:\/\/www.herbertnathan.com\/sv\/wp-json\/wp\/v2\/comments?post=46929"}],"wp:featuredmedia":[{"embeddable":true,"href":"https:\/\/www.herbertnathan.com\/sv\/wp-json\/wp\/v2\/media\/46882"}],"wp:attachment":[{"href":"https:\/\/www.herbertnathan.com\/sv\/wp-json\/wp\/v2\/media?parent=46929"}],"wp:term":[{"taxonomy":"product_brand","embeddable":true,"href":"https:\/\/www.herbertnathan.com\/sv\/wp-json\/wp\/v2\/product_brand?post=46929"},{"taxonomy":"product_cat","embeddable":true,"href":"https:\/\/www.herbertnathan.com\/sv\/wp-json\/wp\/v2\/product_cat?post=46929"},{"taxonomy":"product_tag","embeddable":true,"href":"https:\/\/www.herbertnathan.com\/sv\/wp-json\/wp\/v2\/product_tag?post=46929"}],"curies":[{"name":"wp","href":"https:\/\/api.w.org\/{rel}","templated":true}]}}