
{"id":47482,"date":"2026-02-12T16:46:16","date_gmt":"2026-02-12T15:46:16","guid":{"rendered":"https:\/\/www.herbertnathan.com\/?post_type=product&#038;p=47482"},"modified":"2026-02-27T14:12:17","modified_gmt":"2026-02-27T13:12:17","slug":"hcm-systems-in-sweden","status":"publish","type":"product","link":"https:\/\/www.herbertnathan.com\/sv\/produkt\/hcm-systems-in-sweden\/","title":{"rendered":"HCM systems in Sweden"},"content":{"rendered":"<h1><strong>HCM systems in Sweden<\/strong><\/h1>\n<h3><strong>Theme \u2013 &#8221;From transaction to transformation: HCM systems in a new era&#8221;<\/strong><\/h3>\n<p>&nbsp;<\/p>\n<p><strong>HCM systems in Sweden <\/strong>\u00e4r HerbertNathan &amp; Co\u2019s senaste analys av den svenska marknaden f\u00f6r HCM-system och dess leverant\u00f6rer.<\/p>\n<p>Marknadsanalysen, som \u00e4r helt leverant\u00f6rsoberoende, riktar sig till ansvariga inom HR, digitalisering, IT och beslutsfattare p\u00e5 medelstora till stora organisationer inom b\u00e5de privat och offentlig sektor, som st\u00e5r inf\u00f6r val eller modernisering av systemst\u00f6d inom HR-omr\u00e5det.<\/p>\n<p>&nbsp;<\/p>\n<p>Genom leverant\u00f6rsintervjuer och utv\u00e4rdering av \u00f6ver 300 faktorer per system ger rapporten en unik helhetsbild av 20 HCM-system p\u00e5 den svenska marknaden. Ut\u00f6ver detta kan du l\u00e4sa om de trender som p\u00e5verkar denna marknad och vad som verkligen skapar v\u00e4rde i en digital HR\u2011transformation \u2013 l\u00e5ngt ut\u00f6ver bara teknik.<\/p>\n<p>&nbsp;<\/p>\n<p>&nbsp;<\/p>\n<h4><span style=\"color: #e18b4b;\">V\u00e4gledning vid val av HCM-system<\/span><\/h4>\n<p>Rapporten \u00e4r ett utm\u00e4rkt verktyg f\u00f6r de organisationer och verksamheter som avser att s\u00f6ka information om och\/eller k\u00f6pa ett nytt HCM-system. Rapporten ger dig \u00e4ven en djup analys av hur systemlandskapet f\u00f6r\u00e4ndras \u2013 fr\u00e5n AI-baserade plattformar till Experience Platforms, och fr\u00e5n transaktionsfokus till strategisk verksamhetsstyrning.<\/p>\n<p>&nbsp;<\/p>\n<p>&nbsp;<\/p>\n<h4><span style=\"color: #e18b4b;\"><span class=\"TextRun SCXW93567706 BCX0\" lang=\"SV-SE\" xml:lang=\"SV-SE\" data-contrast=\"none\"><span class=\"NormalTextRun SCXW93567706 BCX0\" data-ccp-parastyle=\"heading 4\">Vad rapporten inneh\u00e5ller<\/span><\/span><\/span><\/h4>\n<p>Rapporten redovisar aktuella leverant\u00f6rer och HCM-system p\u00e5 den svenska marknaden, inklusive fakta om leverant\u00f6rerna, produkterna och dess kunder tillsammans med marknadstrender och goda r\u00e5d.<\/p>\n<p><span data-contrast=\"none\">I rapporten finns\u00a0specifik information om f\u00f6ljande delar:<\/span><span data-ccp-props=\"{&quot;134233117&quot;:true,&quot;134233118&quot;:true,&quot;201341983&quot;:0,&quot;335559740&quot;:240}\">\u00a0<\/span><\/p>\n<p>&nbsp;<\/p>\n<ul>\n<li>Marknadens utveckling och trender r\u00f6rande HCM-system<\/li>\n<li>Detaljerad beskrivning av 20 av de mest tongivande HCM-systemen p\u00e5 den svenska marknaden<\/li>\n<li>Fakta om leverant\u00f6rerna, produkterna, m\u00e5lgrupperna<\/li>\n<li>Styrkor och svagheter f\u00f6r respektive system<\/li>\n<li>Strategisk v\u00e4gledning inf\u00f6r val och implementation av HCM-system<\/li>\n<li>Digital HR och framg\u00e5ngsfaktorer<\/li>\n<\/ul>\n<p>&nbsp;<\/p>\n<p>&nbsp;<\/p>\n<h4><span style=\"color: #e18b4b;\">Best\u00e4ll rapporten idag<\/span><\/h4>\n<p><span data-contrast=\"none\"><span class=\"TextRun SCXW236102048 BCX0\" lang=\"SV-SE\" xml:lang=\"SV-SE\" data-contrast=\"none\"><span class=\"NormalTextRun SCXW236102048 BCX0\" data-ccp-parastyle=\"Normal (Web)\">Rapporten kan best\u00e4llas, b\u00e5de som digital utg\u00e5va (fri tillg\u00e5ng f\u00f6r hela ditt f\u00f6retag) och som tryckt utg\u00e5va.<\/span><\/span><span class=\"LineBreakBlob BlobObject DragDrop SCXW236102048 BCX0\"><span class=\"SCXW236102048 BCX0\"> (Tryckta rapporter kommer att levereras i maj 2026).<\/span><\/span><\/span><\/p>\n<p>&nbsp;<\/p>\n<p>Best\u00e4ll idag och ta del av v\u00e4rdefulla insikter som hj\u00e4lper din organisation att ta b\u00e4ttre beslut.<\/p>\n","protected":false},"excerpt":{"rendered":"<p><span style=\"color: #e18b4b;\"><strong>V\u00e5r senaste marknadsanalys:<\/strong><\/span><\/p>\n<p>En leveran\u00f6rsoberoende analys och marknads\u00f6versikt \u00f6ver HCM-system p\u00e5 den svenska marknaden.<\/p>\n<p>&nbsp;<\/p>\n","protected":false},"featured_media":47521,"comment_status":"closed","ping_status":"closed","template":"","meta":{"_acf_changed":false,"slim_seo":{"title":"HCM systems in Sweden - HerbertNathan &amp; Co","description":"V\u00e5r senaste marknadsanalys: En leveran\u00f6rsoberoende analys och marknads\u00f6versikt \u00f6ver HCM-system p\u00e5 den svenska marknaden. &nbsp;"}},"product_brand":[],"product_cat":[207],"product_tag":[],"class_list":{"0":"post-47482","1":"product","2":"type-product","3":"status-publish","4":"has-post-thumbnail","6":"product_cat-marknadsanalyser","8":"first","9":"instock","10":"sold-individually","11":"taxable","12":"shipping-taxable","13":"purchasable","14":"product-type-variable","15":"has-default-attributes"},"acf":[],"_links":{"self":[{"href":"https:\/\/www.herbertnathan.com\/sv\/wp-json\/wp\/v2\/product\/47482","targetHints":{"allow":["GET"]}}],"collection":[{"href":"https:\/\/www.herbertnathan.com\/sv\/wp-json\/wp\/v2\/product"}],"about":[{"href":"https:\/\/www.herbertnathan.com\/sv\/wp-json\/wp\/v2\/types\/product"}],"replies":[{"embeddable":true,"href":"https:\/\/www.herbertnathan.com\/sv\/wp-json\/wp\/v2\/comments?post=47482"}],"wp:featuredmedia":[{"embeddable":true,"href":"https:\/\/www.herbertnathan.com\/sv\/wp-json\/wp\/v2\/media\/47521"}],"wp:attachment":[{"href":"https:\/\/www.herbertnathan.com\/sv\/wp-json\/wp\/v2\/media?parent=47482"}],"wp:term":[{"taxonomy":"product_brand","embeddable":true,"href":"https:\/\/www.herbertnathan.com\/sv\/wp-json\/wp\/v2\/product_brand?post=47482"},{"taxonomy":"product_cat","embeddable":true,"href":"https:\/\/www.herbertnathan.com\/sv\/wp-json\/wp\/v2\/product_cat?post=47482"},{"taxonomy":"product_tag","embeddable":true,"href":"https:\/\/www.herbertnathan.com\/sv\/wp-json\/wp\/v2\/product_tag?post=47482"}],"curies":[{"name":"wp","href":"https:\/\/api.w.org\/{rel}","templated":true}]}}