
{"id":47922,"date":"2026-05-03T21:16:05","date_gmt":"2026-05-03T19:16:05","guid":{"rendered":"https:\/\/www.herbertnathan.com\/?post_type=product&#038;p=47922"},"modified":"2026-05-03T21:16:59","modified_gmt":"2026-05-03T19:16:59","slug":"microsoft-d365-partners-i-sverige","status":"publish","type":"product","link":"https:\/\/www.herbertnathan.com\/sv\/produkt\/microsoft-d365-partners-i-sverige\/","title":{"rendered":"Microsoft D365 partners i Sverige"},"content":{"rendered":"<h1><strong>Microsoft D365 partners i Sverige<\/strong><\/h1>\n<h3>&#8211; En oberoende sammanst\u00e4llning och analys av en konsoliderande marknad under stor omvandling<\/h3>\n<p>&nbsp;<\/p>\n<p>Den svenska marknaden f\u00f6r Microsoft D365-partners \u00e4r under stor omvandling, med \u00f6kad konsolidering, krav p\u00e5 bred kompetens och fokus p\u00e5 AI och automation. Valet av partner \u00e4r avg\u00f6rande f\u00f6r en lyckad digital transformation och b\u00f6r baseras p\u00e5 en rad strategiska och operativa faktorer. &#8221;Microsoft D365 partners i Sverige&#8221; \u00e4r en oberoende marknadsanalys av den svenska marknaden f\u00f6r Microsoft D365-partners, med fokus p\u00e5 aff\u00e4rssystemen D365 Business Central och Finance &amp; Operations.<\/p>\n<p>&nbsp;<\/p>\n<p>&nbsp;<\/p>\n<h4><span style=\"color: #e18b4b;\">Vem riktar den sig till?<\/span><\/h4>\n<p>Detta whitepaper riktar sig till beslutsfattare som planerar digital transformation och vill f\u00f6rst\u00e5 partnerlandskapet, dess f\u00f6r\u00e4ndringar och framtida krav eller f\u00e5 en f\u00f6rdjupad analys om en specifik partner, bransch eller konsultkapacitet.<\/p>\n<p>&nbsp;<\/p>\n<p>&nbsp;<\/p>\n<h4><span style=\"color: #e18b4b;\">Rapporten inneh\u00e5ller f\u00f6ljande kapitel:<\/span><\/h4>\n<h5>1. F\u00f6rord<\/h5>\n<h5>2. Om HerbertNathan &amp; Co<\/h5>\n<h5>3. Microsofts omvandling av aff\u00e4rssystemsbranschen<\/h5>\n<h5>4. Drivkrafterna bakom marknadens konsolidering<\/h5>\n<h5>5. Microsofts klassificering av partners<\/h5>\n<h5>6. Microsofts program f\u00f6r certifiering av mjukvara<\/h5>\n<h5>7. Microsofts Inner Circle<\/h5>\n<h5>8. Den svenska partnermarknaden f\u00f6r D365<\/h5>\n<h5>9. Framtiden f\u00f6r partners till Microsoft<\/h5>\n<h5>10. Konsultbrist h\u00e4mmar Microsofts tillv\u00e4xt<\/h5>\n<h5>11. Perspektiv att beakta vid val av partner<\/h5>\n<h5>12. Sammanfattning av partners i Sverige<\/h5>\n<p>&nbsp;<\/p>\n<p>&nbsp;<\/p>\n<h4><span style=\"color: #e18b4b;\">Ladda ner rapporten idag:<\/span><\/h4>\n<p>V\u00e4nligen fyll i dina kontaktuppgifter i formul\u00e4ret nedan och skicka in s\u00e5 f\u00e5r du inom ett par minuter ett mail med en l\u00e4nk f\u00f6r att ladda ner rapporten i PDF-format.<\/p>\n<p><code><script charset=\"utf-8\" type=\"text\/javascript\" src=\"\/\/js.hsforms.net\/forms\/embed\/v2.js\"><\/script><br \/>\n<script>\n  hbspt.forms.create({\n    portalId: \"19838267\",\n    formId: \"6f1a7e8c-9b5a-4a74-b6ac-54f781760dcb\",\n    region: \"na1\"\n  });\n<\/script><\/code><\/p>\n","protected":false},"excerpt":{"rendered":"<p><span style=\"color: #e18b4b;\"><strong>Ladda ner kostnadsfritt:<\/strong><\/span><\/p>\n<p>En guide till den svenska marknaden f\u00f6r Microsoft D365-partners, med fokus p\u00e5 aff\u00e4rssystemen D365 Business Central och Finance &amp; Operations.<\/p>\n<p>&nbsp;<\/p>\n","protected":false},"featured_media":47983,"comment_status":"closed","ping_status":"closed","template":"","meta":{"_acf_changed":false,"slim_seo":{"title":"Microsoft D365 partners i Sverige - HerbertNathan &amp; Co","description":"Ladda ner kostnadsfritt: En guide till den svenska marknaden f\u00f6r Microsoft D365-partners, med fokus p\u00e5 aff\u00e4rssystemen D365 Business Central och Finance &amp; Op"}},"product_brand":[],"product_cat":[207],"product_tag":[],"class_list":{"0":"post-47922","1":"product","2":"type-product","3":"status-publish","4":"has-post-thumbnail","6":"product_cat-marknadsanalyser","8":"first","9":"instock","10":"downloadable","11":"virtual","12":"taxable","13":"product-type-simple"},"acf":[],"_links":{"self":[{"href":"https:\/\/www.herbertnathan.com\/sv\/wp-json\/wp\/v2\/product\/47922","targetHints":{"allow":["GET"]}}],"collection":[{"href":"https:\/\/www.herbertnathan.com\/sv\/wp-json\/wp\/v2\/product"}],"about":[{"href":"https:\/\/www.herbertnathan.com\/sv\/wp-json\/wp\/v2\/types\/product"}],"replies":[{"embeddable":true,"href":"https:\/\/www.herbertnathan.com\/sv\/wp-json\/wp\/v2\/comments?post=47922"}],"wp:featuredmedia":[{"embeddable":true,"href":"https:\/\/www.herbertnathan.com\/sv\/wp-json\/wp\/v2\/media\/47983"}],"wp:attachment":[{"href":"https:\/\/www.herbertnathan.com\/sv\/wp-json\/wp\/v2\/media?parent=47922"}],"wp:term":[{"taxonomy":"product_brand","embeddable":true,"href":"https:\/\/www.herbertnathan.com\/sv\/wp-json\/wp\/v2\/product_brand?post=47922"},{"taxonomy":"product_cat","embeddable":true,"href":"https:\/\/www.herbertnathan.com\/sv\/wp-json\/wp\/v2\/product_cat?post=47922"},{"taxonomy":"product_tag","embeddable":true,"href":"https:\/\/www.herbertnathan.com\/sv\/wp-json\/wp\/v2\/product_tag?post=47922"}],"curies":[{"name":"wp","href":"https:\/\/api.w.org\/{rel}","templated":true}]}}